{"id":2213,"date":"2011-04-16T09:33:14","date_gmt":"2011-04-16T09:33:14","guid":{"rendered":"https:\/\/muller.com.pl\/hustawka-integracyjna-baranie-rogi-2"},"modified":"2024-05-20T17:59:31","modified_gmt":"2024-05-20T17:59:31","slug":"hustawka-integracyjna-baranie-rogi-2","status":"publish","type":"product","link":"https:\/\/muller.com.pl\/en\/brand-new\/hustawka-integracyjna-baranie-rogi-2","title":{"rendered":"Inclusive Swing"},"content":{"rendered":"<ul>\n<li>The construction made of steel pipes with diameter of \u00d876,1&#215;3,2mm, \u00d857&#215;2,9mm and \u00d848,3&#215;2,9mm,<\/li>\n<li>The seat accessible for kids with disabilities,<\/li>\n<li>The chains made of stainless steel \u00d8 5mm,<\/li>\n<li>The use of Teflon bushings ensures smooth swing. The swing system requires no maintenance.<\/li>\n<li>All steel elements are hot dip galvanized and painted with an acrylic, structural lacquer<\/li>\n<li>The set includes foundations made of concrete of class C25\/30<\/li>\n<li>In case of applying a synthetic surface that is on the same level that the surrounding surface, an additional 0.5 m of obstacle-free space should be taken into account in both directions of movement of the swing.<\/li>\n<\/ul>\n","protected":false},"excerpt":{"rendered":"<p>The construction made of steel pipes with diameter of \u00d876,1&#215;3,2mm, \u00d857&#215;2,9mm and \u00d848,3&#215;2,9mm, The seat accessible for kids with disabilities, The chains made of stainless steel \u00d8 5mm, The use of Teflon bushings ensures smooth swing. The swing system requires no maintenance. All steel elements are hot dip galvanized and painted with an acrylic, structural&hellip;<\/p>\n","protected":false},"featured_media":12478,"comment_status":"open","ping_status":"closed","template":"","meta":{"slim_seo":{"title":"Inclusive Swing - Muller","description":"The construction made of steel pipes with diameter of \u00d876,1x3,2mm, \u00d857x2,9mm and \u00d848,3x2,9mm, The seat accessible for kids with disabilities, The chains made of"}},"product_brand":[],"product_cat":[20,154,1093],"product_tag":[],"class_list":{"0":"post-2213","1":"product","2":"type-product","3":"status-publish","4":"has-post-thumbnail","6":"product_cat-swings","7":"product_cat-inclusive-equipment","8":"product_cat-brand-new","9":"description-off","11":"first","12":"instock","13":"purchasable","14":"product-type-simple"},"_links":{"self":[{"href":"https:\/\/muller.com.pl\/en\/wp-json\/wp\/v2\/product\/2213","targetHints":{"allow":["GET"]}}],"collection":[{"href":"https:\/\/muller.com.pl\/en\/wp-json\/wp\/v2\/product"}],"about":[{"href":"https:\/\/muller.com.pl\/en\/wp-json\/wp\/v2\/types\/product"}],"replies":[{"embeddable":true,"href":"https:\/\/muller.com.pl\/en\/wp-json\/wp\/v2\/comments?post=2213"}],"wp:featuredmedia":[{"embeddable":true,"href":"https:\/\/muller.com.pl\/en\/wp-json\/wp\/v2\/media\/12478"}],"wp:attachment":[{"href":"https:\/\/muller.com.pl\/en\/wp-json\/wp\/v2\/media?parent=2213"}],"wp:term":[{"taxonomy":"product_brand","embeddable":true,"href":"https:\/\/muller.com.pl\/en\/wp-json\/wp\/v2\/product_brand?post=2213"},{"taxonomy":"product_cat","embeddable":true,"href":"https:\/\/muller.com.pl\/en\/wp-json\/wp\/v2\/product_cat?post=2213"},{"taxonomy":"product_tag","embeddable":true,"href":"https:\/\/muller.com.pl\/en\/wp-json\/wp\/v2\/product_tag?post=2213"}],"curies":[{"name":"wp","href":"https:\/\/api.w.org\/{rel}","templated":true}]}}