{"id":2282,"date":"2023-03-21T10:01:24","date_gmt":"2023-03-21T10:01:24","guid":{"rendered":"https:\/\/muller.com.pl\/rampa-150-2"},"modified":"2024-08-13T12:20:49","modified_gmt":"2024-08-13T12:20:49","slug":"rampa-150-2","status":"publish","type":"product","link":"https:\/\/muller.com.pl\/en\/skatepark-ramps\/rampa-150-2","title":{"rendered":"Ramp 150 cm &#8211; set"},"content":{"rendered":"<ul>\n<li>The Ramp 150 is a set of two Quarter Pipes with barriers<\/li>\n<li>Construction made of concrete of class C35\/45,<\/li>\n<li>Barrier made of steel pipe \u00d848,3\u00d72,9mm and sheet metal 3mm,<\/li>\n<li>Edge pipe made of pipe \u00d835x2mm,<\/li>\n<li>Stainless steel toe plates 4mm thick<\/li>\n<li>All steel elements protected against corrosion<\/li>\n<li>The concrete elements are protected against weather conditions effects by impregnation preparation and painted with PILBET acrylic paint.<\/li>\n<\/ul>\n","protected":false},"excerpt":{"rendered":"<p>The Ramp 150 is a set of two Quarter Pipes with barriers Construction made of concrete of class C35\/45, Barrier made of steel pipe \u00d848,3\u00d72,9mm and sheet metal 3mm, Edge pipe made of pipe \u00d835x2mm, Stainless steel toe plates 4mm thick All steel elements protected against corrosion The concrete elements are protected against weather conditions&hellip;<\/p>\n","protected":false},"featured_media":34393,"comment_status":"open","ping_status":"closed","template":"","meta":{"slim_seo":{"title":"Ramp 150 cm - set - Muller","description":"The Ramp 150 is a set of two Quarter Pipes with barriers Construction made of concrete of class C35\/45, Barrier made of steel pipe \u00d848,3\u00d72,9mm and sheet metal 3"}},"product_brand":[],"product_cat":[54],"product_tag":[],"class_list":{"0":"post-2282","1":"product","2":"type-product","3":"status-publish","4":"has-post-thumbnail","6":"product_cat-skatepark-ramps","7":"description-off","9":"first","10":"instock","11":"purchasable","12":"product-type-variable"},"_links":{"self":[{"href":"https:\/\/muller.com.pl\/en\/wp-json\/wp\/v2\/product\/2282","targetHints":{"allow":["GET"]}}],"collection":[{"href":"https:\/\/muller.com.pl\/en\/wp-json\/wp\/v2\/product"}],"about":[{"href":"https:\/\/muller.com.pl\/en\/wp-json\/wp\/v2\/types\/product"}],"replies":[{"embeddable":true,"href":"https:\/\/muller.com.pl\/en\/wp-json\/wp\/v2\/comments?post=2282"}],"wp:featuredmedia":[{"embeddable":true,"href":"https:\/\/muller.com.pl\/en\/wp-json\/wp\/v2\/media\/34393"}],"wp:attachment":[{"href":"https:\/\/muller.com.pl\/en\/wp-json\/wp\/v2\/media?parent=2282"}],"wp:term":[{"taxonomy":"product_brand","embeddable":true,"href":"https:\/\/muller.com.pl\/en\/wp-json\/wp\/v2\/product_brand?post=2282"},{"taxonomy":"product_cat","embeddable":true,"href":"https:\/\/muller.com.pl\/en\/wp-json\/wp\/v2\/product_cat?post=2282"},{"taxonomy":"product_tag","embeddable":true,"href":"https:\/\/muller.com.pl\/en\/wp-json\/wp\/v2\/product_tag?post=2282"}],"curies":[{"name":"wp","href":"https:\/\/api.w.org\/{rel}","templated":true}]}}