{"id":263,"date":"2002-11-02T23:00:00","date_gmt":"2002-11-02T23:00:00","guid":{"rendered":"https:\/\/muller.com.pl\/masazer"},"modified":"2024-09-19T07:49:52","modified_gmt":"2024-09-19T07:49:52","slug":"masazer","status":"publish","type":"product","link":"https:\/\/muller.com.pl\/en\/silownie-outdoor-fitness\/masazer","title":{"rendered":"Masa\u017cer"},"content":{"rendered":"<ul>\n<li>Konstrukcja urz\u0105dzenia wykonana z profila zamkni\u0119tego 100x100x3mm, 80x40x3mm, blach i p\u0142askownik\u00f3w stalowych.<\/li>\n<li>Elementy masuj\u0105ce wykonano z p\u0142yty HDPE.<\/li>\n<li>Konstrukcja i wszystkie elementy stalowe w urz\u0105dzeniu zabezpieczone antykorozyjnie&nbsp;i malowane lakierami strukturalnymi.<\/li>\n<li>Masa\u017cer to urz\u0105dzenie s\u0142u\u017c\u0105ce do masowania mi\u0119\u015bni plec\u00f3w.<\/li>\n<\/ul>\n","protected":false},"excerpt":{"rendered":"<p>Konstrukcja urz\u0105dzenia wykonana z profila zamkni\u0119tego 100x100x3mm, 80x40x3mm, blach i p\u0142askownik\u00f3w stalowych. Elementy masuj\u0105ce wykonano z p\u0142yty HDPE. Konstrukcja i wszystkie elementy stalowe w urz\u0105dzeniu zabezpieczone antykorozyjnie&nbsp;i malowane lakierami strukturalnymi. Masa\u017cer to urz\u0105dzenie s\u0142u\u017c\u0105ce do masowania mi\u0119\u015bni plec\u00f3w.<\/p>\n","protected":false},"featured_media":19168,"comment_status":"open","ping_status":"closed","template":"","meta":{"slim_seo":{"title":"Masa\u017cer - Muller","description":"Konstrukcja urz\u0105dzenia wykonana z profila zamkni\u0119tego 100x100x3mm, 80x40x3mm, blach i p\u0142askownik\u00f3w stalowych. Elementy masuj\u0105ce wykonano z p\u0142yty HDPE. Konstrukc"}},"product_brand":[],"product_cat":[119],"product_tag":[],"class_list":{"0":"post-263","1":"product","2":"type-product","3":"status-publish","4":"has-post-thumbnail","6":"product_cat-silownie-outdoor-fitness","7":"description-off","9":"first","10":"instock","11":"shipping-taxable","12":"purchasable","13":"product-type-simple"},"_links":{"self":[{"href":"https:\/\/muller.com.pl\/en\/wp-json\/wp\/v2\/product\/263","targetHints":{"allow":["GET"]}}],"collection":[{"href":"https:\/\/muller.com.pl\/en\/wp-json\/wp\/v2\/product"}],"about":[{"href":"https:\/\/muller.com.pl\/en\/wp-json\/wp\/v2\/types\/product"}],"replies":[{"embeddable":true,"href":"https:\/\/muller.com.pl\/en\/wp-json\/wp\/v2\/comments?post=263"}],"wp:featuredmedia":[{"embeddable":true,"href":"https:\/\/muller.com.pl\/en\/wp-json\/wp\/v2\/media\/19168"}],"wp:attachment":[{"href":"https:\/\/muller.com.pl\/en\/wp-json\/wp\/v2\/media?parent=263"}],"wp:term":[{"taxonomy":"product_brand","embeddable":true,"href":"https:\/\/muller.com.pl\/en\/wp-json\/wp\/v2\/product_brand?post=263"},{"taxonomy":"product_cat","embeddable":true,"href":"https:\/\/muller.com.pl\/en\/wp-json\/wp\/v2\/product_cat?post=263"},{"taxonomy":"product_tag","embeddable":true,"href":"https:\/\/muller.com.pl\/en\/wp-json\/wp\/v2\/product_tag?post=263"}],"curies":[{"name":"wp","href":"https:\/\/api.w.org\/{rel}","templated":true}]}}