{"id":28546,"date":"2025-05-19T18:10:46","date_gmt":"2025-05-19T18:10:46","guid":{"rendered":"https:\/\/muller.com.pl\/uncategorized\/wall-ramp"},"modified":"2025-09-01T08:16:42","modified_gmt":"2025-09-01T08:16:42","slug":"wall-ramp","status":"publish","type":"product","link":"https:\/\/muller.com.pl\/en\/skatepark-components\/wall-ramp","title":{"rendered":"Wall-Ramp"},"content":{"rendered":"<ul>\n<li>Konstrukcja urz\u0105dzenia wykonana z betonu klasy C35\/40, oraz element\u00f3w stalowych ocynkowanych<\/li>\n<li>Podpory wykonana z profilu zamkni\u0119tego 70x70x3mm<\/li>\n<li>Wszystkie elementy metalowe w urz\u0105dzeniu ocynkowane s\u0105 metod\u0105 ogniow\u0105<\/li>\n<li>Elementy betonowe s\u0105 impregnowane i malowane preparatami i farbami firmy PILBET<\/li>\n<\/ul>\n","protected":false},"excerpt":{"rendered":"<p>Konstrukcja urz\u0105dzenia wykonana z betonu klasy C35\/40, oraz element\u00f3w stalowych ocynkowanych Podpory wykonana z profilu zamkni\u0119tego 70x70x3mm Wszystkie elementy metalowe w urz\u0105dzeniu ocynkowane s\u0105 metod\u0105 ogniow\u0105 Elementy betonowe s\u0105 impregnowane i malowane preparatami i farbami firmy PILBET<\/p>\n","protected":false},"featured_media":8102,"comment_status":"open","ping_status":"closed","template":"","meta":{"slim_seo":{"title":"Wall-Ramp - Muller","description":"Konstrukcja urz\u0105dzenia wykonana z betonu klasy C35\/40, oraz element\u00f3w stalowych ocynkowanych Podpory wykonana z profilu zamkni\u0119tego 70x70x3mm Wszystkie elementy"}},"product_brand":[],"product_cat":[56],"product_tag":[],"class_list":{"0":"post-28546","1":"product","2":"type-product","3":"status-publish","4":"has-post-thumbnail","6":"product_cat-skatepark-components","7":"description-off","9":"first","10":"instock","11":"purchasable","12":"product-type-simple"},"_links":{"self":[{"href":"https:\/\/muller.com.pl\/en\/wp-json\/wp\/v2\/product\/28546","targetHints":{"allow":["GET"]}}],"collection":[{"href":"https:\/\/muller.com.pl\/en\/wp-json\/wp\/v2\/product"}],"about":[{"href":"https:\/\/muller.com.pl\/en\/wp-json\/wp\/v2\/types\/product"}],"replies":[{"embeddable":true,"href":"https:\/\/muller.com.pl\/en\/wp-json\/wp\/v2\/comments?post=28546"}],"wp:featuredmedia":[{"embeddable":true,"href":"https:\/\/muller.com.pl\/en\/wp-json\/wp\/v2\/media\/8102"}],"wp:attachment":[{"href":"https:\/\/muller.com.pl\/en\/wp-json\/wp\/v2\/media?parent=28546"}],"wp:term":[{"taxonomy":"product_brand","embeddable":true,"href":"https:\/\/muller.com.pl\/en\/wp-json\/wp\/v2\/product_brand?post=28546"},{"taxonomy":"product_cat","embeddable":true,"href":"https:\/\/muller.com.pl\/en\/wp-json\/wp\/v2\/product_cat?post=28546"},{"taxonomy":"product_tag","embeddable":true,"href":"https:\/\/muller.com.pl\/en\/wp-json\/wp\/v2\/product_tag?post=28546"}],"curies":[{"name":"wp","href":"https:\/\/api.w.org\/{rel}","templated":true}]}}