{"id":30758,"date":"2019-05-31T08:21:33","date_gmt":"2019-05-31T08:21:33","guid":{"rendered":"https:\/\/muller.com.pl\/uncategorized\/quarter-pipe-4-8m"},"modified":"2024-12-10T10:32:28","modified_gmt":"2024-12-10T10:32:28","slug":"quarter-pipe-4-8m","status":"publish","type":"product","link":"https:\/\/muller.com.pl\/en\/quarter-sets\/quarter-pipe-4-8m","title":{"rendered":"Quarter-Pipe width 4,8m"},"content":{"rendered":"<ul>\n<li>Konstrukcja urz\u0105dzenia wykonana z betonu klasy C35\/45 oraz element\u00f3w stalowych ocynkowanych,<\/li>\n<li>Bariera wykonana z rury \u00d848,3&#215;2,9mm oraz blachy o grubo\u015bci 3mm,<\/li>\n<li>Orurowanie boczne wykonane z rury \u00d835x2mm,<\/li>\n<li>Wszystkie elementy metalowe w urz\u0105dzeniu ocynkowane s\u0105 metod\u0105 ogniow\u0105,<\/li>\n<li>Elementy betonowe zestawu impregnowane i malowane s\u0105 preparatami i farbami marki PILBET.<\/li>\n<\/ul>\n","protected":false},"excerpt":{"rendered":"<p>Konstrukcja urz\u0105dzenia wykonana z betonu klasy C35\/45 oraz element\u00f3w stalowych ocynkowanych, Bariera wykonana z rury \u00d848,3&#215;2,9mm oraz blachy o grubo\u015bci 3mm, Orurowanie boczne wykonane z rury \u00d835x2mm, Wszystkie elementy metalowe w urz\u0105dzeniu ocynkowane s\u0105 metod\u0105 ogniow\u0105, Elementy betonowe zestawu impregnowane i malowane s\u0105 preparatami i farbami marki PILBET.<\/p>\n","protected":false},"featured_media":11986,"comment_status":"open","ping_status":"closed","template":"","meta":{"slim_seo":{"title":"Quarter-Pipe width 4,8m - Muller","description":"Konstrukcja urz\u0105dzenia wykonana z betonu klasy C35\/45 oraz element\u00f3w stalowych ocynkowanych, Bariera wykonana z rury \u00d848,3x2,9mm oraz blachy o grubo\u015bci 3mm, Oru"}},"product_brand":[],"product_cat":[1124],"product_tag":[],"class_list":{"0":"post-30758","1":"product","2":"type-product","3":"status-publish","4":"has-post-thumbnail","6":"product_cat-quarter-sets","7":"description-off","9":"first","10":"instock","11":"purchasable","12":"product-type-variable"},"_links":{"self":[{"href":"https:\/\/muller.com.pl\/en\/wp-json\/wp\/v2\/product\/30758","targetHints":{"allow":["GET"]}}],"collection":[{"href":"https:\/\/muller.com.pl\/en\/wp-json\/wp\/v2\/product"}],"about":[{"href":"https:\/\/muller.com.pl\/en\/wp-json\/wp\/v2\/types\/product"}],"replies":[{"embeddable":true,"href":"https:\/\/muller.com.pl\/en\/wp-json\/wp\/v2\/comments?post=30758"}],"wp:featuredmedia":[{"embeddable":true,"href":"https:\/\/muller.com.pl\/en\/wp-json\/wp\/v2\/media\/11986"}],"wp:attachment":[{"href":"https:\/\/muller.com.pl\/en\/wp-json\/wp\/v2\/media?parent=30758"}],"wp:term":[{"taxonomy":"product_brand","embeddable":true,"href":"https:\/\/muller.com.pl\/en\/wp-json\/wp\/v2\/product_brand?post=30758"},{"taxonomy":"product_cat","embeddable":true,"href":"https:\/\/muller.com.pl\/en\/wp-json\/wp\/v2\/product_cat?post=30758"},{"taxonomy":"product_tag","embeddable":true,"href":"https:\/\/muller.com.pl\/en\/wp-json\/wp\/v2\/product_tag?post=30758"}],"curies":[{"name":"wp","href":"https:\/\/api.w.org\/{rel}","templated":true}]}}