{"id":31593,"date":"2025-02-28T10:42:48","date_gmt":"2025-02-28T10:42:48","guid":{"rendered":"https:\/\/muller.com.pl\/?post_type=product&#038;p=31593"},"modified":"2025-02-28T10:59:38","modified_gmt":"2025-02-28T10:59:38","slug":"balance-park-manila-kopia","status":"publish","type":"product","link":"https:\/\/muller.com.pl\/en\/balance-park-en\/balance-park-manila-kopia","title":{"rendered":"Balance Park BERLIN"},"content":{"rendered":"<ul>\n<li>Construction made of steel pipes: \u00d8133x4mm, profile 100x100x3mm, 80x40x3mm and 70x70x3mm<\/li>\n<li>Ropes in footbridges made of reinforced rope \u00d810mm<\/li>\n<li>Hanging ropes made of reinforced rope \u00d816mm<\/li>\n<li>Platforms made of anti-slip, waterproof plywood, 21mm thick<\/li>\n<li>The steel structure is hot-dip galvanized and powder-coated,<\/li>\n<li>The set includes foundations made of concrete of class C25\/30.<\/li>\n<\/ul>\n","protected":false},"excerpt":{"rendered":"<p>Construction made of steel pipes: \u00d8133x4mm, profile 100x100x3mm, 80x40x3mm and 70x70x3mm Ropes in footbridges made of reinforced rope \u00d810mm Hanging ropes made of reinforced rope \u00d816mm Platforms made of anti-slip, waterproof plywood, 21mm thick The steel structure is hot-dip galvanized and powder-coated, The set includes foundations made of concrete of class C25\/30.<\/p>\n","protected":false},"featured_media":31601,"comment_status":"open","ping_status":"closed","template":"","meta":{"slim_seo":{"title":"Balance Park BERLIN - Muller","description":"Construction made of steel pipes: \u00d8133x4mm, profile 100x100x3mm, 80x40x3mm and 70x70x3mm Ropes in footbridges made of reinforced rope \u00d810mm Hanging ropes made o"}},"product_brand":[],"product_cat":[1093,1186],"product_tag":[],"class_list":{"0":"post-31593","1":"product","2":"type-product","3":"status-publish","4":"has-post-thumbnail","6":"product_cat-brand-new","7":"product_cat-balance-park-en","8":"description-off","10":"first","11":"instock","12":"purchasable","13":"product-type-simple"},"_links":{"self":[{"href":"https:\/\/muller.com.pl\/en\/wp-json\/wp\/v2\/product\/31593","targetHints":{"allow":["GET"]}}],"collection":[{"href":"https:\/\/muller.com.pl\/en\/wp-json\/wp\/v2\/product"}],"about":[{"href":"https:\/\/muller.com.pl\/en\/wp-json\/wp\/v2\/types\/product"}],"replies":[{"embeddable":true,"href":"https:\/\/muller.com.pl\/en\/wp-json\/wp\/v2\/comments?post=31593"}],"wp:featuredmedia":[{"embeddable":true,"href":"https:\/\/muller.com.pl\/en\/wp-json\/wp\/v2\/media\/31601"}],"wp:attachment":[{"href":"https:\/\/muller.com.pl\/en\/wp-json\/wp\/v2\/media?parent=31593"}],"wp:term":[{"taxonomy":"product_brand","embeddable":true,"href":"https:\/\/muller.com.pl\/en\/wp-json\/wp\/v2\/product_brand?post=31593"},{"taxonomy":"product_cat","embeddable":true,"href":"https:\/\/muller.com.pl\/en\/wp-json\/wp\/v2\/product_cat?post=31593"},{"taxonomy":"product_tag","embeddable":true,"href":"https:\/\/muller.com.pl\/en\/wp-json\/wp\/v2\/product_tag?post=31593"}],"curies":[{"name":"wp","href":"https:\/\/api.w.org\/{rel}","templated":true}]}}