{"id":32140,"date":"2025-05-19T08:32:23","date_gmt":"2025-05-19T08:32:23","guid":{"rendered":"https:\/\/muller.com.pl\/?post_type=product&#038;p=32140"},"modified":"2025-05-29T07:05:15","modified_gmt":"2025-05-29T07:05:15","slug":"c-rail","status":"publish","type":"product","link":"https:\/\/muller.com.pl\/en\/nowosci\/c-rail","title":{"rendered":"C-Rail, h-35cm"},"content":{"rendered":"<h4>Urz\u0105dzenie na skatepark \u2013 C-Rail<\/h4>\n<ul>\n<li>Element bazowy dla nieco bardziej zaawansowanych u\u017cytkownik\u00f3w<\/li>\n<li>C-Rail jest railem \u0142ukowym o zmiennej wysoko\u015bci (max.35cm) i promieniu krzywizny oko\u0142o 120cm,<\/li>\n<li>\u015alizg o profilu okr\u0105g\u0142ym, \u015brednicy 60mm<\/li>\n<li>C-Rail jest montowany jako samodzielne urz\u0105dzenie<\/li>\n<li>Konstrukcja wykonana z rury stalowej \u00d860,3&#215;2,9mm oraz \u00d838&#215;2,6mm, ocynkowana metod\u0105 ogniow\u0105<\/li>\n<\/ul>\n","protected":false},"excerpt":{"rendered":"<p>Urz\u0105dzenie na skatepark \u2013 C-Rail Element bazowy dla nieco bardziej zaawansowanych u\u017cytkownik\u00f3w C-Rail jest railem \u0142ukowym o zmiennej wysoko\u015bci (max.35cm) i promieniu krzywizny oko\u0142o 120cm, \u015alizg o profilu okr\u0105g\u0142ym, \u015brednicy 60mm C-Rail jest montowany jako samodzielne urz\u0105dzenie Konstrukcja wykonana z rury stalowej \u00d860,3&#215;2,9mm oraz \u00d838&#215;2,6mm, ocynkowana metod\u0105 ogniow\u0105<\/p>\n","protected":false},"featured_media":32143,"comment_status":"closed","ping_status":"closed","template":"","meta":{"slim_seo":{"title":"C-Rail, h-35cm - Muller","description":"Urz\u0105dzenie na skatepark \u2013 C-Rail Element bazowy dla nieco bardziej zaawansowanych u\u017cytkownik\u00f3w C-Rail jest railem \u0142ukowym o zmiennej wysoko\u015bci (max.35cm) i prom"}},"product_brand":[],"product_cat":[55,586],"product_tag":[],"class_list":{"0":"post-32140","1":"product","2":"type-product","3":"status-publish","4":"has-post-thumbnail","6":"product_cat-wyposazenie-skateparku","7":"product_cat-nowosci","8":"description-off","10":"first","11":"instock","12":"shipping-taxable","13":"purchasable","14":"product-type-simple"},"_links":{"self":[{"href":"https:\/\/muller.com.pl\/en\/wp-json\/wp\/v2\/product\/32140","targetHints":{"allow":["GET"]}}],"collection":[{"href":"https:\/\/muller.com.pl\/en\/wp-json\/wp\/v2\/product"}],"about":[{"href":"https:\/\/muller.com.pl\/en\/wp-json\/wp\/v2\/types\/product"}],"replies":[{"embeddable":true,"href":"https:\/\/muller.com.pl\/en\/wp-json\/wp\/v2\/comments?post=32140"}],"wp:featuredmedia":[{"embeddable":true,"href":"https:\/\/muller.com.pl\/en\/wp-json\/wp\/v2\/media\/32143"}],"wp:attachment":[{"href":"https:\/\/muller.com.pl\/en\/wp-json\/wp\/v2\/media?parent=32140"}],"wp:term":[{"taxonomy":"product_brand","embeddable":true,"href":"https:\/\/muller.com.pl\/en\/wp-json\/wp\/v2\/product_brand?post=32140"},{"taxonomy":"product_cat","embeddable":true,"href":"https:\/\/muller.com.pl\/en\/wp-json\/wp\/v2\/product_cat?post=32140"},{"taxonomy":"product_tag","embeddable":true,"href":"https:\/\/muller.com.pl\/en\/wp-json\/wp\/v2\/product_tag?post=32140"}],"curies":[{"name":"wp","href":"https:\/\/api.w.org\/{rel}","templated":true}]}}