{"id":32197,"date":"2025-05-19T08:30:17","date_gmt":"2025-05-19T08:30:17","guid":{"rendered":"https:\/\/muller.com.pl\/?post_type=product&#038;p=32197"},"modified":"2025-06-02T10:06:19","modified_gmt":"2025-06-02T10:06:19","slug":"flat-bar-rail-h-31cm","status":"publish","type":"product","link":"https:\/\/muller.com.pl\/en\/nowosci\/flat-bar-rail-h-31cm","title":{"rendered":"Flat Bar Rail, h-31cm"},"content":{"rendered":"<h4>Urz\u0105dzenie na skatepark \u2013 Flat Bar Rail<\/h4>\n<ul>\n<li>Popularny element bazowy, stosowany na wi\u0119kszo\u015bci skatepark-\u00f3w.<\/li>\n<li>\u015alizg o profilu kwadratowym, szeroko\u015bci 70mm<\/li>\n<li>Przeszkoda proponowana w dw\u00f3ch wariantach d\u0142ugo\u015bci: 2,55 oraz 4,85m i sta\u0142ej wysoko\u015bci 31cm<\/li>\n<li>Flat Bar Rail jest montowana jako samodzielne urz\u0105dzenie lub cz\u0119\u015b\u0107 wi\u0119kszego zestawu<\/li>\n<li>Konstrukcja z profilu stalowego 70x70x3mm oraz 50x50x2mm, ocynkowana metod\u0105 ogniow\u0105.<\/li>\n<\/ul>\n","protected":false},"excerpt":{"rendered":"<p>Urz\u0105dzenie na skatepark \u2013 Flat Bar Rail Popularny element bazowy, stosowany na wi\u0119kszo\u015bci skatepark-\u00f3w. \u015alizg o profilu kwadratowym, szeroko\u015bci 70mm Przeszkoda proponowana w dw\u00f3ch wariantach d\u0142ugo\u015bci: 2,55 oraz 4,85m i sta\u0142ej wysoko\u015bci 31cm Flat Bar Rail jest montowana jako samodzielne urz\u0105dzenie lub cz\u0119\u015b\u0107 wi\u0119kszego zestawu Konstrukcja z profilu stalowego 70x70x3mm oraz 50x50x2mm, ocynkowana metod\u0105 ogniow\u0105.<\/p>\n","protected":false},"featured_media":32216,"comment_status":"closed","ping_status":"closed","template":"","meta":{"slim_seo":{"title":"Flat Bar Rail, h-31cm - Muller","description":"Urz\u0105dzenie na skatepark \u2013 Flat Bar Rail Popularny element bazowy, stosowany na wi\u0119kszo\u015bci skatepark-\u00f3w. \u015alizg o profilu kwadratowym, szeroko\u015bci 70mm Przeszkoda"}},"product_brand":[],"product_cat":[55,586],"product_tag":[],"class_list":{"0":"post-32197","1":"product","2":"type-product","3":"status-publish","4":"has-post-thumbnail","6":"product_cat-wyposazenie-skateparku","7":"product_cat-nowosci","8":"description-off","10":"first","11":"instock","12":"shipping-taxable","13":"purchasable","14":"product-type-variable"},"_links":{"self":[{"href":"https:\/\/muller.com.pl\/en\/wp-json\/wp\/v2\/product\/32197","targetHints":{"allow":["GET"]}}],"collection":[{"href":"https:\/\/muller.com.pl\/en\/wp-json\/wp\/v2\/product"}],"about":[{"href":"https:\/\/muller.com.pl\/en\/wp-json\/wp\/v2\/types\/product"}],"replies":[{"embeddable":true,"href":"https:\/\/muller.com.pl\/en\/wp-json\/wp\/v2\/comments?post=32197"}],"wp:featuredmedia":[{"embeddable":true,"href":"https:\/\/muller.com.pl\/en\/wp-json\/wp\/v2\/media\/32216"}],"wp:attachment":[{"href":"https:\/\/muller.com.pl\/en\/wp-json\/wp\/v2\/media?parent=32197"}],"wp:term":[{"taxonomy":"product_brand","embeddable":true,"href":"https:\/\/muller.com.pl\/en\/wp-json\/wp\/v2\/product_brand?post=32197"},{"taxonomy":"product_cat","embeddable":true,"href":"https:\/\/muller.com.pl\/en\/wp-json\/wp\/v2\/product_cat?post=32197"},{"taxonomy":"product_tag","embeddable":true,"href":"https:\/\/muller.com.pl\/en\/wp-json\/wp\/v2\/product_tag?post=32197"}],"curies":[{"name":"wp","href":"https:\/\/api.w.org\/{rel}","templated":true}]}}