{"id":32220,"date":"2019-05-31T07:36:11","date_gmt":"2019-05-31T07:36:11","guid":{"rendered":"https:\/\/muller.com.pl\/?post_type=product&#038;p=32220"},"modified":"2025-05-30T07:42:37","modified_gmt":"2025-05-30T07:42:37","slug":"hip-quarter","status":"publish","type":"product","link":"https:\/\/muller.com.pl\/en\/nowosci\/hip-quarter","title":{"rendered":"Hip Quarter"},"content":{"rendered":"<ul>\n<li>Urz\u0105dzenie modu\u0142owe, produkowane w trzech wariantach wysoko\u015bci: 98, 125 oraz 150cm.<\/li>\n<li>Stosownie do potrzeb, urz\u0105dzenie mo\u017cna rozbudowa\u0107 o kolejne modu\u0142y szeroko\u015bci 1,2m (r\u00f3wnie\u017c asymetrycznie),<\/li>\n<li>Konstrukcja urz\u0105dzenia wykonana z betonu klasy min. C35\/45, na zbrojeniu stalowym, wibrowana. Wszystkie elementy betonowe s\u0105 prefabrykowane w naszej siedzibie, w kontrolowanych warunkach i z zachowaniem niezb\u0119dnego re\u017cimu technologicznego,<\/li>\n<li>Bariera wykonana z rury stalowej \u00d848,3&#215;2,9mm oraz blachy o grubo\u015bci 3mm,<\/li>\n<li>Orurowanie boczne wykonane z rury stalowej \u00d835x2mm,<\/li>\n<li>Wszystkie w\/w elementy stalowe s\u0105 cynkowane ogniowo,<\/li>\n<li>Najazdy wykonane z blachy nierdzewnej o grubo\u015bci 4mm,<\/li>\n<li>Elementy betonowe zestawu s\u0105 impregnowane oraz malowane farbami zapewniaj\u0105cymi odpowiedni\u0105 przyczepno\u015b\u0107, oraz odporno\u015b\u0107 na warunki atmosferyczne.<\/li>\n<\/ul>\n","protected":false},"excerpt":{"rendered":"<p>Urz\u0105dzenie modu\u0142owe, produkowane w trzech wariantach wysoko\u015bci: 98, 125 oraz 150cm. Stosownie do potrzeb, urz\u0105dzenie mo\u017cna rozbudowa\u0107 o kolejne modu\u0142y szeroko\u015bci 1,2m (r\u00f3wnie\u017c asymetrycznie), Konstrukcja urz\u0105dzenia wykonana z betonu klasy min. C35\/45, na zbrojeniu stalowym, wibrowana. Wszystkie elementy betonowe s\u0105 prefabrykowane w naszej siedzibie, w kontrolowanych warunkach i z zachowaniem niezb\u0119dnego re\u017cimu technologicznego, Bariera wykonana&hellip;<\/p>\n","protected":false},"featured_media":32490,"comment_status":"closed","ping_status":"closed","template":"","meta":{"slim_seo":{"title":"Hip Quarter - Muller","description":"Urz\u0105dzenie modu\u0142owe, produkowane w trzech wariantach wysoko\u015bci: 98, 125 oraz 150cm. Stosownie do potrzeb, urz\u0105dzenie mo\u017cna rozbudowa\u0107 o kolejne modu\u0142y szeroko\u015bc"}},"product_brand":[],"product_cat":[586,90],"product_tag":[],"class_list":{"0":"post-32220","1":"product","2":"type-product","3":"status-publish","4":"has-post-thumbnail","6":"product_cat-nowosci","7":"product_cat-skatepark-quarter-pipe","8":"description-off","10":"first","11":"instock","12":"shipping-taxable","13":"purchasable","14":"product-type-variable"},"_links":{"self":[{"href":"https:\/\/muller.com.pl\/en\/wp-json\/wp\/v2\/product\/32220","targetHints":{"allow":["GET"]}}],"collection":[{"href":"https:\/\/muller.com.pl\/en\/wp-json\/wp\/v2\/product"}],"about":[{"href":"https:\/\/muller.com.pl\/en\/wp-json\/wp\/v2\/types\/product"}],"replies":[{"embeddable":true,"href":"https:\/\/muller.com.pl\/en\/wp-json\/wp\/v2\/comments?post=32220"}],"wp:featuredmedia":[{"embeddable":true,"href":"https:\/\/muller.com.pl\/en\/wp-json\/wp\/v2\/media\/32490"}],"wp:attachment":[{"href":"https:\/\/muller.com.pl\/en\/wp-json\/wp\/v2\/media?parent=32220"}],"wp:term":[{"taxonomy":"product_brand","embeddable":true,"href":"https:\/\/muller.com.pl\/en\/wp-json\/wp\/v2\/product_brand?post=32220"},{"taxonomy":"product_cat","embeddable":true,"href":"https:\/\/muller.com.pl\/en\/wp-json\/wp\/v2\/product_cat?post=32220"},{"taxonomy":"product_tag","embeddable":true,"href":"https:\/\/muller.com.pl\/en\/wp-json\/wp\/v2\/product_tag?post=32220"}],"curies":[{"name":"wp","href":"https:\/\/api.w.org\/{rel}","templated":true}]}}