{"id":32375,"date":"2025-05-19T21:47:28","date_gmt":"2025-05-19T21:47:28","guid":{"rendered":"https:\/\/muller.com.pl\/?post_type=product&#038;p=32375"},"modified":"2025-05-29T07:50:05","modified_gmt":"2025-05-29T07:50:05","slug":"kicker-h-35cm","status":"publish","type":"product","link":"https:\/\/muller.com.pl\/en\/wyposazenie-skateparku\/kicker-h-35cm","title":{"rendered":"Kicker, h-35cm"},"content":{"rendered":"<h4>Urz\u0105dzenie na skatepark &#8211; Kicker<\/h4>\n<ul>\n<li>Niezwykle uniwersalny element bazowy, stosowany na wi\u0119kszo\u015bci obiekt\u00f3w,<\/li>\n<li>Kicker jest oferowany przez nas wy\u0142\u0105cznie jako element wysoko\u015bci 35cm<\/li>\n<li>Kicker mo\u017ce by\u0107 montowany jako samodzielna wyskocznia, lub cz\u0119\u015b\u0107 wi\u0119kszego zestawu,<\/li>\n<li>Konstrukcja urz\u0105dzenia wykonana z betonu klasy min. C35\/45, na zbrojeniu stalowym, wibrowana.<\/li>\n<li>Wszystkie elementy betonowe s\u0105 prefabrykowane w siedzibie producenta, w kontrolowanych warunkach i z zachowaniem niezb\u0119dnego re\u017cimu technologicznego,<\/li>\n<li>Najazd wykonany ze stali nierdzewnej grubo\u015bci 4mm<\/li>\n<li>Element impregnowany oraz malowany farbami zapewniaj\u0105cymi odpowiedni\u0105 przyczepno\u015b\u0107, oraz odporno\u015b\u0107 na warunki atmosferyczne.<\/li>\n<\/ul>\n<p>&nbsp;<\/p>\n","protected":false},"excerpt":{"rendered":"<p>Urz\u0105dzenie na skatepark &#8211; Kicker Niezwykle uniwersalny element bazowy, stosowany na wi\u0119kszo\u015bci obiekt\u00f3w, Kicker jest oferowany przez nas wy\u0142\u0105cznie jako element wysoko\u015bci 35cm Kicker mo\u017ce by\u0107 montowany jako samodzielna wyskocznia, lub cz\u0119\u015b\u0107 wi\u0119kszego zestawu, Konstrukcja urz\u0105dzenia wykonana z betonu klasy min. C35\/45, na zbrojeniu stalowym, wibrowana. Wszystkie elementy betonowe s\u0105 prefabrykowane w siedzibie producenta, w&hellip;<\/p>\n","protected":false},"featured_media":7610,"comment_status":"open","ping_status":"closed","template":"","meta":{"slim_seo":{"title":"Kicker, h-35cm - Muller","description":"Urz\u0105dzenie na skatepark - Kicker Niezwykle uniwersalny element bazowy, stosowany na wi\u0119kszo\u015bci obiekt\u00f3w, Kicker jest oferowany przez nas wy\u0142\u0105cznie jako element"}},"product_brand":[],"product_cat":[55],"product_tag":[1199],"class_list":{"0":"post-32375","1":"product","2":"type-product","3":"status-publish","4":"has-post-thumbnail","6":"product_cat-wyposazenie-skateparku","7":"product_tag-19-05-2025-o-2100","8":"description-off","10":"first","11":"instock","12":"purchasable","13":"product-type-simple"},"_links":{"self":[{"href":"https:\/\/muller.com.pl\/en\/wp-json\/wp\/v2\/product\/32375","targetHints":{"allow":["GET"]}}],"collection":[{"href":"https:\/\/muller.com.pl\/en\/wp-json\/wp\/v2\/product"}],"about":[{"href":"https:\/\/muller.com.pl\/en\/wp-json\/wp\/v2\/types\/product"}],"replies":[{"embeddable":true,"href":"https:\/\/muller.com.pl\/en\/wp-json\/wp\/v2\/comments?post=32375"}],"wp:featuredmedia":[{"embeddable":true,"href":"https:\/\/muller.com.pl\/en\/wp-json\/wp\/v2\/media\/7610"}],"wp:attachment":[{"href":"https:\/\/muller.com.pl\/en\/wp-json\/wp\/v2\/media?parent=32375"}],"wp:term":[{"taxonomy":"product_brand","embeddable":true,"href":"https:\/\/muller.com.pl\/en\/wp-json\/wp\/v2\/product_brand?post=32375"},{"taxonomy":"product_cat","embeddable":true,"href":"https:\/\/muller.com.pl\/en\/wp-json\/wp\/v2\/product_cat?post=32375"},{"taxonomy":"product_tag","embeddable":true,"href":"https:\/\/muller.com.pl\/en\/wp-json\/wp\/v2\/product_tag?post=32375"}],"curies":[{"name":"wp","href":"https:\/\/api.w.org\/{rel}","templated":true}]}}