{"id":32376,"date":"2025-05-29T11:44:29","date_gmt":"2025-05-29T11:44:29","guid":{"rendered":"https:\/\/muller.com.pl\/?post_type=product&#038;p=32376"},"modified":"2025-05-30T05:17:13","modified_gmt":"2025-05-30T05:17:13","slug":"quarter-pipe-h-98cm","status":"publish","type":"product","link":"https:\/\/muller.com.pl\/en\/skatepark-quarter-pipe\/quarter-pipe-h-98cm","title":{"rendered":"Quarter Pipe bez barierek"},"content":{"rendered":"<h4>Zestaw na skatepark \u2013 Quarter Pipe bez barier<\/h4>\n<ul>\n<li>Quarter Pipe to podstawowy element nap\u0119dowy, stosowany na wi\u0119kszo\u015bci skatepark-\u00f3w.<\/li>\n<li>Proponowane urz\u0105dzenia nale\u017cy traktowa\u0107 jako gotowe i sprawdzone zestawy, cho\u0107 Ich modu\u0142owo\u015b\u0107 daje pole do wprowadzenia ewentualnych zmian konfiguracji.<\/li>\n<li>Prezentowane tu urz\u0105dzenia Quarter Pipe o wysoko\u015bci 70 i 98cm, s\u0105 przeznaczone dla pocz\u0105tkuj\u0105cych u\u017cytkownik\u00f3w,<\/li>\n<li>Zestawy o wysoko\u015bci do 100cm nie musz\u0105 (cho\u0107 mog\u0105) by\u0107 wyposa\u017cone w barierki ochronne. Quarter Pipe o wysoko\u015bci powy\u017cej 100cm posiadaj\u0105 takie barierki obligatoryjnie.<\/li>\n<li>Konstrukcja urz\u0105dze\u0144 wykonana z betonu klasy min. C35\/45, na zbrojeniu stalowym, wibrowana.<\/li>\n<li>Wszystkie elementy betonowe s\u0105 prefabrykowane w siedzibie producenta, w kontrolowanych warunkach i z zachowaniem niezb\u0119dnego re\u017cimu technologicznego,<\/li>\n<li>Orurowanie boczne element\u00f3w wykonane z rury stalowej fi 35mm,<\/li>\n<li>Bariera wykonana z rury fi 48,3\u00d72,9mm oraz blachy stalowej o gr. 3mm,<\/li>\n<li>Najazdy wykonane ze stali nierdzewnej gr. 4mm,<\/li>\n<li>Elementy betonowe impregnowane oraz malowane farbami zapewniaj\u0105cymi odpowiedni\u0105 przyczepno\u015b\u0107, oraz odporno\u015b\u0107 na warunki atmosferyczne.<\/li>\n<\/ul>\n<p>&nbsp;<\/p>\n<p>&nbsp;<\/p>\n<p>&nbsp;<\/p>\n","protected":false},"excerpt":{"rendered":"<p>Zestaw na skatepark \u2013 Quarter Pipe bez barier Quarter Pipe to podstawowy element nap\u0119dowy, stosowany na wi\u0119kszo\u015bci skatepark-\u00f3w. Proponowane urz\u0105dzenia nale\u017cy traktowa\u0107 jako gotowe i sprawdzone zestawy, cho\u0107 Ich modu\u0142owo\u015b\u0107 daje pole do wprowadzenia ewentualnych zmian konfiguracji. Prezentowane tu urz\u0105dzenia Quarter Pipe o wysoko\u015bci 70 i 98cm, s\u0105 przeznaczone dla pocz\u0105tkuj\u0105cych u\u017cytkownik\u00f3w, Zestawy o wysoko\u015bci&hellip;<\/p>\n","protected":false},"featured_media":18093,"comment_status":"open","ping_status":"closed","template":"","meta":{"slim_seo":{"description":"W sk\u0142ad zestawu wchodz\u0105: 2x Box + 2x Coping Ramp Konstrukcja urz\u0105dzenia wykonana z betonu klasy C35\/45, oraz element\u00f3w stalowych, ocynkowanych metod\u0105 ogniow\u0105Naja","title":"Quarter Pipe bez barierek - Muller"}},"product_brand":[],"product_cat":[90],"product_tag":[],"class_list":{"0":"post-32376","1":"product","2":"type-product","3":"status-publish","4":"has-post-thumbnail","6":"product_cat-skatepark-quarter-pipe","7":"description-off","9":"first","10":"instock","11":"purchasable","12":"product-type-variable"},"_links":{"self":[{"href":"https:\/\/muller.com.pl\/en\/wp-json\/wp\/v2\/product\/32376","targetHints":{"allow":["GET"]}}],"collection":[{"href":"https:\/\/muller.com.pl\/en\/wp-json\/wp\/v2\/product"}],"about":[{"href":"https:\/\/muller.com.pl\/en\/wp-json\/wp\/v2\/types\/product"}],"replies":[{"embeddable":true,"href":"https:\/\/muller.com.pl\/en\/wp-json\/wp\/v2\/comments?post=32376"}],"wp:featuredmedia":[{"embeddable":true,"href":"https:\/\/muller.com.pl\/en\/wp-json\/wp\/v2\/media\/18093"}],"wp:attachment":[{"href":"https:\/\/muller.com.pl\/en\/wp-json\/wp\/v2\/media?parent=32376"}],"wp:term":[{"taxonomy":"product_brand","embeddable":true,"href":"https:\/\/muller.com.pl\/en\/wp-json\/wp\/v2\/product_brand?post=32376"},{"taxonomy":"product_cat","embeddable":true,"href":"https:\/\/muller.com.pl\/en\/wp-json\/wp\/v2\/product_cat?post=32376"},{"taxonomy":"product_tag","embeddable":true,"href":"https:\/\/muller.com.pl\/en\/wp-json\/wp\/v2\/product_tag?post=32376"}],"curies":[{"name":"wp","href":"https:\/\/api.w.org\/{rel}","templated":true}]}}