{"id":32507,"date":"2025-05-19T18:48:17","date_gmt":"2025-05-19T18:48:17","guid":{"rendered":"https:\/\/muller.com.pl\/?post_type=product&#038;p=32507"},"modified":"2025-06-27T07:00:00","modified_gmt":"2025-06-27T07:00:00","slug":"gap-h-35cm","status":"publish","type":"product","link":"https:\/\/muller.com.pl\/en\/skatepark-bank-ramps\/gap-h-35cm","title":{"rendered":"Gap, h-35cm"},"content":{"rendered":"<h4>Urz\u0105dzenie na skatepark &#8211; Gap<\/h4>\n<ul>\n<li>Prosta, cz\u0119sto stosowana przeszkoda sk\u0142adaj\u0105ca si\u0119 z dw\u00f3ch element\u00f3w Kicker<\/li>\n<li>Kicker jest oferowany przez nas wy\u0142\u0105cznie jako urz\u0105dzenie o wysoko\u015bci 35cm<\/li>\n<li>Kicker jest zwykle montowany jako samodzielna przeszkoda<\/li>\n<li>Konstrukcja urz\u0105dzenia wykonana z betonu klasy min. C35\/45, na zbrojeniu stalowym, wibrowana.<\/li>\n<li>Wszystkie elementy betonowe s\u0105 prefabrykowane w siedzibie producenta, w kontrolowanych warunkach i z zachowaniem niezb\u0119dnego re\u017cimu technologicznego,<\/li>\n<li>Najazd wykonany ze stali nierdzewnej grubo\u015bci 4mm<\/li>\n<li>Element impregnowany oraz malowany farbami zapewniaj\u0105cymi odpowiedni\u0105 przyczepno\u015b\u0107, oraz odporno\u015b\u0107 na warunki atmosferyczne.<\/li>\n<\/ul>\n<p>&nbsp;<\/p>\n","protected":false},"excerpt":{"rendered":"<p>Urz\u0105dzenie na skatepark &#8211; Gap Prosta, cz\u0119sto stosowana przeszkoda sk\u0142adaj\u0105ca si\u0119 z dw\u00f3ch element\u00f3w Kicker Kicker jest oferowany przez nas wy\u0142\u0105cznie jako urz\u0105dzenie o wysoko\u015bci 35cm Kicker jest zwykle montowany jako samodzielna przeszkoda Konstrukcja urz\u0105dzenia wykonana z betonu klasy min. C35\/45, na zbrojeniu stalowym, wibrowana. Wszystkie elementy betonowe s\u0105 prefabrykowane w siedzibie producenta, w kontrolowanych&hellip;<\/p>\n","protected":false},"featured_media":32508,"comment_status":"open","ping_status":"closed","template":"","meta":{"slim_seo":{"title":"Gap, h-35cm - Muller","description":"Urz\u0105dzenie na skatepark - Gap Prosta, cz\u0119sto stosowana przeszkoda sk\u0142adaj\u0105ca si\u0119 z dw\u00f3ch element\u00f3w Kicker Kicker jest oferowany przez nas wy\u0142\u0105cznie jako urz\u0105dze"}},"product_brand":[],"product_cat":[55,1156],"product_tag":[],"class_list":{"0":"post-32507","1":"product","2":"type-product","3":"status-publish","4":"has-post-thumbnail","6":"product_cat-wyposazenie-skateparku","7":"product_cat-skatepark-bank-ramps","8":"description-off","10":"first","11":"instock","12":"purchasable","13":"product-type-simple"},"_links":{"self":[{"href":"https:\/\/muller.com.pl\/en\/wp-json\/wp\/v2\/product\/32507","targetHints":{"allow":["GET"]}}],"collection":[{"href":"https:\/\/muller.com.pl\/en\/wp-json\/wp\/v2\/product"}],"about":[{"href":"https:\/\/muller.com.pl\/en\/wp-json\/wp\/v2\/types\/product"}],"replies":[{"embeddable":true,"href":"https:\/\/muller.com.pl\/en\/wp-json\/wp\/v2\/comments?post=32507"}],"wp:featuredmedia":[{"embeddable":true,"href":"https:\/\/muller.com.pl\/en\/wp-json\/wp\/v2\/media\/32508"}],"wp:attachment":[{"href":"https:\/\/muller.com.pl\/en\/wp-json\/wp\/v2\/media?parent=32507"}],"wp:term":[{"taxonomy":"product_brand","embeddable":true,"href":"https:\/\/muller.com.pl\/en\/wp-json\/wp\/v2\/product_brand?post=32507"},{"taxonomy":"product_cat","embeddable":true,"href":"https:\/\/muller.com.pl\/en\/wp-json\/wp\/v2\/product_cat?post=32507"},{"taxonomy":"product_tag","embeddable":true,"href":"https:\/\/muller.com.pl\/en\/wp-json\/wp\/v2\/product_tag?post=32507"}],"curies":[{"name":"wp","href":"https:\/\/api.w.org\/{rel}","templated":true}]}}