{"id":32946,"date":"2025-06-11T07:05:18","date_gmt":"2025-06-11T07:05:18","guid":{"rendered":"https:\/\/muller.com.pl\/?post_type=product&#038;p=32946"},"modified":"2026-04-09T11:52:32","modified_gmt":"2026-04-09T11:52:32","slug":"krzywe-zwierciadlo","status":"publish","type":"product","link":"https:\/\/muller.com.pl\/en\/gry-i-urzadzenia-edukacyjne\/krzywe-zwierciadlo","title":{"rendered":"Krzywe zwierciad\u0142o"},"content":{"rendered":"<h4>Krzywe zwierciad\u0142o<\/h4>\n<ul>\n<li>Konstrukcja wykonana z rury nierdzewnej \u00d860,3x2mm oraz profilu stalowego 30x18x2mm;<\/li>\n<li>Powierzchnia lustra wykonana z tworzywa sztucznego;<\/li>\n<li>Rama lustra wykonana z p\u0142yty HDPE o grubo\u015bci 15mm;<\/li>\n<li>Zakrzywiona powierzchnia lustra powoduje zniekszta\u0142cone odbicie;<\/li>\n<li>Wszystkie elementy stalowe ocynkowane ogniowo (pow\u0142oka cynkowa o grubo\u015bci min. 100 \u00b5m) oraz malowana proszkowo;<\/li>\n<li>Urz\u0105dzenie certyfikowane w systemie akredytowanym PCA (Polskie Centrum Akredytacji);<\/li>\n<li>Monta\u017c zestawu z u\u017cyciem prefabrykowanych fundament\u00f3w wykonanych z betonu C25\/30;<\/li>\n<li>Wymiary urz\u0105dzenia (d\u0142. x szer. x wys.): 1,22 x 0,49 x 1,62 m;<\/li>\n<li>Mo\u017cliwa tolerancja wymiar\u00f3w (+\/- 3%).<\/li>\n<\/ul>\n","protected":false},"excerpt":{"rendered":"<p>Krzywe zwierciad\u0142o Konstrukcja wykonana z rury nierdzewnej \u00d860,3x2mm oraz profilu stalowego 30x18x2mm; Powierzchnia lustra wykonana z tworzywa sztucznego; Rama lustra wykonana z p\u0142yty HDPE o grubo\u015bci 15mm; Zakrzywiona powierzchnia lustra powoduje zniekszta\u0142cone odbicie; Wszystkie elementy stalowe ocynkowane ogniowo (pow\u0142oka cynkowa o grubo\u015bci min. 100 \u00b5m) oraz malowana proszkowo; Urz\u0105dzenie certyfikowane w systemie akredytowanym PCA (Polskie&hellip;<\/p>\n","protected":false},"featured_media":32951,"comment_status":"open","ping_status":"closed","template":"","meta":{"slim_seo":{"title":"Krzywe zwierciad\u0142o - Muller","description":"Krzywe zwierciad\u0142o Konstrukcja wykonana z rury nierdzewnej \u00d860,3x2mm oraz profilu stalowego 30x18x2mm; Powierzchnia lustra wykonana z tworzywa sztucznego; Rama"}},"product_brand":[],"product_cat":[155],"product_tag":[],"class_list":{"0":"post-32946","1":"product","2":"type-product","3":"status-publish","4":"has-post-thumbnail","6":"product_cat-gry-i-urzadzenia-edukacyjne","7":"description-off","9":"first","10":"instock","11":"purchasable","12":"product-type-simple"},"_links":{"self":[{"href":"https:\/\/muller.com.pl\/en\/wp-json\/wp\/v2\/product\/32946","targetHints":{"allow":["GET"]}}],"collection":[{"href":"https:\/\/muller.com.pl\/en\/wp-json\/wp\/v2\/product"}],"about":[{"href":"https:\/\/muller.com.pl\/en\/wp-json\/wp\/v2\/types\/product"}],"replies":[{"embeddable":true,"href":"https:\/\/muller.com.pl\/en\/wp-json\/wp\/v2\/comments?post=32946"}],"wp:featuredmedia":[{"embeddable":true,"href":"https:\/\/muller.com.pl\/en\/wp-json\/wp\/v2\/media\/32951"}],"wp:attachment":[{"href":"https:\/\/muller.com.pl\/en\/wp-json\/wp\/v2\/media?parent=32946"}],"wp:term":[{"taxonomy":"product_brand","embeddable":true,"href":"https:\/\/muller.com.pl\/en\/wp-json\/wp\/v2\/product_brand?post=32946"},{"taxonomy":"product_cat","embeddable":true,"href":"https:\/\/muller.com.pl\/en\/wp-json\/wp\/v2\/product_cat?post=32946"},{"taxonomy":"product_tag","embeddable":true,"href":"https:\/\/muller.com.pl\/en\/wp-json\/wp\/v2\/product_tag?post=32946"}],"curies":[{"name":"wp","href":"https:\/\/api.w.org\/{rel}","templated":true}]}}