{"id":32956,"date":"2025-06-11T08:07:14","date_gmt":"2025-06-11T08:07:14","guid":{"rendered":"https:\/\/muller.com.pl\/?post_type=product&#038;p=32956"},"modified":"2026-04-09T10:40:13","modified_gmt":"2026-04-09T10:40:13","slug":"sciezka-sensoryczna","status":"publish","type":"product","link":"https:\/\/muller.com.pl\/en\/gry-i-urzadzenia-edukacyjne\/sciezka-sensoryczna","title":{"rendered":"\u015acie\u017cka sensoryczna"},"content":{"rendered":"<h4>\u015acie\u017cka sensoryczna dla dzieci<\/h4>\n<ul>\n<li>Konstrukcja modu\u0142u wykonana z profilu stalowego 40x20x2mm oraz blachy ocynkowanej o grubo\u015bci 1,5mm,<\/li>\n<li>Urz\u0105dzenia modu\u0142owe pozwalaj\u0105ce na dowoln\u0105 konfiguracj\u0119 \u015bcie\u017cki,<\/li>\n<li>Dost\u0119pne modu\u0142y: ryfel, piasek, \u017cwir, sztuczna trawa, rury, kszta\u0142ty, frez, button.<\/li>\n<li>Wszystkie elementy stalowe ocynkowane ogniowo (pow\u0142oka cynkowa o grubo\u015bci min. 100 \u00b5m) oraz malowana proszkowo;<\/li>\n<li>Urz\u0105dzenie certyfikowane w systemie akredytowanym PCA (Polskie Centrum Akredytacji);<\/li>\n<li>Monta\u017c zestawu z u\u017cyciem prefabrykowanych fundament\u00f3w wykonanych z betonu C25\/30;<\/li>\n<li>Wymiary urz\u0105dzenia (d\u0142. x szer.):0,88 x 0,74 m;<\/li>\n<li>Mo\u017cliwa tolerancja wymiar\u00f3w (+\/- 3%).<\/li>\n<\/ul>\n","protected":false},"excerpt":{"rendered":"<p>\u015acie\u017cka sensoryczna dla dzieci Konstrukcja modu\u0142u wykonana z profilu stalowego 40x20x2mm oraz blachy ocynkowanej o grubo\u015bci 1,5mm, Urz\u0105dzenia modu\u0142owe pozwalaj\u0105ce na dowoln\u0105 konfiguracj\u0119 \u015bcie\u017cki, Dost\u0119pne modu\u0142y: ryfel, piasek, \u017cwir, sztuczna trawa, rury, kszta\u0142ty, frez, button. Wszystkie elementy stalowe ocynkowane ogniowo (pow\u0142oka cynkowa o grubo\u015bci min. 100 \u00b5m) oraz malowana proszkowo; Urz\u0105dzenie certyfikowane w systemie akredytowanym&hellip;<\/p>\n","protected":false},"featured_media":32959,"comment_status":"open","ping_status":"closed","template":"","meta":{"slim_seo":{"title":"\u015acie\u017cka sensoryczna - Muller","description":"\u015acie\u017cka sensoryczna dla dzieci Konstrukcja modu\u0142u wykonana z profilu stalowego 40x20x2mm oraz blachy ocynkowanej o grubo\u015bci 1,5mm, Urz\u0105dzenia modu\u0142owe pozwalaj\u0105"}},"product_brand":[],"product_cat":[155],"product_tag":[],"class_list":{"0":"post-32956","1":"product","2":"type-product","3":"status-publish","4":"has-post-thumbnail","6":"product_cat-gry-i-urzadzenia-edukacyjne","7":"description-off","9":"first","10":"instock","11":"purchasable","12":"product-type-simple"},"_links":{"self":[{"href":"https:\/\/muller.com.pl\/en\/wp-json\/wp\/v2\/product\/32956","targetHints":{"allow":["GET"]}}],"collection":[{"href":"https:\/\/muller.com.pl\/en\/wp-json\/wp\/v2\/product"}],"about":[{"href":"https:\/\/muller.com.pl\/en\/wp-json\/wp\/v2\/types\/product"}],"replies":[{"embeddable":true,"href":"https:\/\/muller.com.pl\/en\/wp-json\/wp\/v2\/comments?post=32956"}],"wp:featuredmedia":[{"embeddable":true,"href":"https:\/\/muller.com.pl\/en\/wp-json\/wp\/v2\/media\/32959"}],"wp:attachment":[{"href":"https:\/\/muller.com.pl\/en\/wp-json\/wp\/v2\/media?parent=32956"}],"wp:term":[{"taxonomy":"product_brand","embeddable":true,"href":"https:\/\/muller.com.pl\/en\/wp-json\/wp\/v2\/product_brand?post=32956"},{"taxonomy":"product_cat","embeddable":true,"href":"https:\/\/muller.com.pl\/en\/wp-json\/wp\/v2\/product_cat?post=32956"},{"taxonomy":"product_tag","embeddable":true,"href":"https:\/\/muller.com.pl\/en\/wp-json\/wp\/v2\/product_tag?post=32956"}],"curies":[{"name":"wp","href":"https:\/\/api.w.org\/{rel}","templated":true}]}}