{"id":32969,"date":"2025-06-11T08:19:16","date_gmt":"2025-06-11T08:19:16","guid":{"rendered":"https:\/\/muller.com.pl\/?post_type=product&#038;p=32969"},"modified":"2025-06-25T08:12:22","modified_gmt":"2025-06-25T08:12:22","slug":"lezak-plenerowy","status":"publish","type":"product","link":"https:\/\/muller.com.pl\/en\/lawki-parkowe-metalowe\/lezak-plenerowy","title":{"rendered":"Le\u017cak plenerowy"},"content":{"rendered":"<h5 data-start=\"104\" data-end=\"160\">Le\u017cak plenerowy<\/h5>\n<ul data-start=\"162\" data-end=\"991\">\n<li data-start=\"162\" data-end=\"370\">\n<p data-start=\"164\" data-end=\"370\"><strong data-start=\"164\" data-end=\"188\">Konstrukcja stalowa:<\/strong> Wykonana z wytrzyma\u0142ej blachy stalowej o grubo\u015bci 5 mm oraz profilu stalowego 50\u00d730\u00d72 mm, co zapewnia du\u017c\u0105 odporno\u015b\u0107 na obci\u0105\u017cenia i intensywne u\u017cytkowanie w przestrzeni publicznej.<\/p>\n<\/li>\n<li data-start=\"371\" data-end=\"579\">\n<p data-start=\"373\" data-end=\"579\"><strong data-start=\"373\" data-end=\"399\">Powierzchnia u\u017cytkowa:<\/strong> Siedzisko oraz oparcie wykonane z p\u0142yty HPL o grubo\u015bci 10 mm, odpornej na warunki atmosferyczne, z estetyczn\u0105 powierzchni\u0105 imituj\u0105c\u0105 drewno \u2014 \u0142\u0105czy trwa\u0142o\u015b\u0107 z eleganckim wygl\u0105dem.<\/p>\n<\/li>\n<li data-start=\"580\" data-end=\"811\">\n<p data-start=\"582\" data-end=\"811\"><strong data-start=\"582\" data-end=\"615\">Zabezpieczenie antykorozyjne:<\/strong> Ca\u0142a konstrukcja stalowa zosta\u0142a ocynkowana ogniowo, a nast\u0119pnie pokryta lakierem akrylowym strukturalnym, co zwi\u0119ksza odporno\u015b\u0107 na dzia\u0142anie wilgoci, promieniowania UV i uszkodzenia mechaniczne.<\/p>\n<\/li>\n<li data-start=\"812\" data-end=\"991\">\n<p data-start=\"814\" data-end=\"991\"><strong data-start=\"814\" data-end=\"825\">Monta\u017c:<\/strong> Le\u017cak dostarczany jest w komplecie z fundamentami wykonanymi z betonu klasy C25\/30, kt\u00f3re umo\u017cliwiaj\u0105 szybki i stabilny monta\u017c urz\u0105dzenia na nawierzchni zewn\u0119trznej.<\/p>\n<\/li>\n<\/ul>\n","protected":false},"excerpt":{"rendered":"<p>Le\u017cak plenerowy Konstrukcja stalowa: Wykonana z wytrzyma\u0142ej blachy stalowej o grubo\u015bci 5 mm oraz profilu stalowego 50\u00d730\u00d72 mm, co zapewnia du\u017c\u0105 odporno\u015b\u0107 na obci\u0105\u017cenia i intensywne u\u017cytkowanie w przestrzeni publicznej. Powierzchnia u\u017cytkowa: Siedzisko oraz oparcie wykonane z p\u0142yty HPL o grubo\u015bci 10 mm, odpornej na warunki atmosferyczne, z estetyczn\u0105 powierzchni\u0105 imituj\u0105c\u0105 drewno \u2014 \u0142\u0105czy trwa\u0142o\u015b\u0107&hellip;<\/p>\n","protected":false},"featured_media":32974,"comment_status":"open","ping_status":"closed","template":"","meta":{"slim_seo":{"title":"Le\u017cak plenerowy - Muller","description":"Le\u017cak plenerowy Konstrukcja stalowa: Wykonana z wytrzyma\u0142ej blachy stalowej o grubo\u015bci 5 mm oraz profilu stalowego 50\u00d730\u00d72 mm, co zapewnia du\u017c\u0105 odporno\u015b\u0107 na obc"}},"product_brand":[],"product_cat":[61],"product_tag":[],"class_list":{"0":"post-32969","1":"product","2":"type-product","3":"status-publish","4":"has-post-thumbnail","6":"product_cat-lawki-parkowe-metalowe","7":"description-off","9":"first","10":"instock","11":"purchasable","12":"product-type-simple"},"_links":{"self":[{"href":"https:\/\/muller.com.pl\/en\/wp-json\/wp\/v2\/product\/32969","targetHints":{"allow":["GET"]}}],"collection":[{"href":"https:\/\/muller.com.pl\/en\/wp-json\/wp\/v2\/product"}],"about":[{"href":"https:\/\/muller.com.pl\/en\/wp-json\/wp\/v2\/types\/product"}],"replies":[{"embeddable":true,"href":"https:\/\/muller.com.pl\/en\/wp-json\/wp\/v2\/comments?post=32969"}],"wp:featuredmedia":[{"embeddable":true,"href":"https:\/\/muller.com.pl\/en\/wp-json\/wp\/v2\/media\/32974"}],"wp:attachment":[{"href":"https:\/\/muller.com.pl\/en\/wp-json\/wp\/v2\/media?parent=32969"}],"wp:term":[{"taxonomy":"product_brand","embeddable":true,"href":"https:\/\/muller.com.pl\/en\/wp-json\/wp\/v2\/product_brand?post=32969"},{"taxonomy":"product_cat","embeddable":true,"href":"https:\/\/muller.com.pl\/en\/wp-json\/wp\/v2\/product_cat?post=32969"},{"taxonomy":"product_tag","embeddable":true,"href":"https:\/\/muller.com.pl\/en\/wp-json\/wp\/v2\/product_tag?post=32969"}],"curies":[{"name":"wp","href":"https:\/\/api.w.org\/{rel}","templated":true}]}}