{"id":34554,"date":"2025-03-14T10:16:51","date_gmt":"2025-03-14T10:16:51","guid":{"rendered":"https:\/\/muller.com.pl\/?post_type=product&#038;p=34554"},"modified":"2026-02-11T08:40:20","modified_gmt":"2026-02-11T08:40:20","slug":"stolik-metalowy-okragly-4-os-do-postawienia","status":"publish","type":"product","link":"https:\/\/muller.com.pl\/en\/stoliki-metalowe\/stolik-metalowy-okragly-4-os-do-postawienia","title":{"rendered":"Stolik metalowy okr\u0105g\u0142y, 6-os., do postawienia"},"content":{"rendered":"<div class=\"text\">\n<h3>Stolik dost\u0119pny w wersji do postawienia<\/h3>\n<ul>\n<li>Konstrukcja urz\u0105dzenia wykonana z rury stalowej \u00d876,1&#215;3,2mm oraz \u00d8114,3x4mm,<\/li>\n<li>Betonowy blat szlifowany i lakierowany jest wysoce odporny na dzia\u0142anie czynnik\u00f3w atmosferycznych,<\/li>\n<li>Obrze\u017ce blatu oraz siedzisk wyko\u0144czone profilowan\u0105 listw\u0105 aluminiow\u0105,<\/li>\n<li>Siedziska betonowo z ok\u0142adzin\u0105 elastomerow\u0105 odporne na warunki atmosferyczne,<\/li>\n<li>Wszystkie elementy stalowe ocynkowane ogniowo (pow\u0142oka cynkowa o grubo\u015bci min. 100 \u00b5m),<\/li>\n<li>Mo\u017cliwa tolerancja wymiar\u00f3w (+\/- 3%),<\/li>\n<li>Stolik produkowany jedynie w wersji blatu do gry w karty (g\u0142adki).<\/li>\n<\/ul>\n<\/div>\n","protected":false},"excerpt":{"rendered":"<p>Stolik dost\u0119pny w wersji do postawienia Konstrukcja urz\u0105dzenia wykonana z rury stalowej \u00d876,1&#215;3,2mm oraz \u00d8114,3x4mm, Betonowy blat szlifowany i lakierowany jest wysoce odporny na dzia\u0142anie czynnik\u00f3w atmosferycznych, Obrze\u017ce blatu oraz siedzisk wyko\u0144czone profilowan\u0105 listw\u0105 aluminiow\u0105, Siedziska betonowo z ok\u0142adzin\u0105 elastomerow\u0105 odporne na warunki atmosferyczne, Wszystkie elementy stalowe ocynkowane ogniowo (pow\u0142oka cynkowa o grubo\u015bci min. 100&hellip;<\/p>\n","protected":false},"featured_media":34714,"comment_status":"open","ping_status":"closed","template":"","meta":{"slim_seo":{"title":"Stolik metalowy okr\u0105g\u0142y, 6-os., do postawienia - Muller","description":"Stolik dost\u0119pny w wersji do postawienia Konstrukcja urz\u0105dzenia wykonana z rury stalowej \u00d876,1x3,2mm oraz \u00d8114,3x4mm, Betonowy blat szlifowany i lakierowany jest"}},"product_brand":[],"product_cat":[73],"product_tag":[],"class_list":{"0":"post-34554","1":"product","2":"type-product","3":"status-publish","4":"has-post-thumbnail","6":"product_cat-stoliki-metalowe","7":"description-off","9":"first","10":"instock","11":"purchasable","12":"product-type-simple"},"_links":{"self":[{"href":"https:\/\/muller.com.pl\/en\/wp-json\/wp\/v2\/product\/34554","targetHints":{"allow":["GET"]}}],"collection":[{"href":"https:\/\/muller.com.pl\/en\/wp-json\/wp\/v2\/product"}],"about":[{"href":"https:\/\/muller.com.pl\/en\/wp-json\/wp\/v2\/types\/product"}],"replies":[{"embeddable":true,"href":"https:\/\/muller.com.pl\/en\/wp-json\/wp\/v2\/comments?post=34554"}],"wp:featuredmedia":[{"embeddable":true,"href":"https:\/\/muller.com.pl\/en\/wp-json\/wp\/v2\/media\/34714"}],"wp:attachment":[{"href":"https:\/\/muller.com.pl\/en\/wp-json\/wp\/v2\/media?parent=34554"}],"wp:term":[{"taxonomy":"product_brand","embeddable":true,"href":"https:\/\/muller.com.pl\/en\/wp-json\/wp\/v2\/product_brand?post=34554"},{"taxonomy":"product_cat","embeddable":true,"href":"https:\/\/muller.com.pl\/en\/wp-json\/wp\/v2\/product_cat?post=34554"},{"taxonomy":"product_tag","embeddable":true,"href":"https:\/\/muller.com.pl\/en\/wp-json\/wp\/v2\/product_tag?post=34554"}],"curies":[{"name":"wp","href":"https:\/\/api.w.org\/{rel}","templated":true}]}}