{"id":34557,"date":"2025-03-14T10:22:06","date_gmt":"2025-03-14T10:22:06","guid":{"rendered":"https:\/\/muller.com.pl\/?post_type=product&#038;p=34557"},"modified":"2026-02-10T13:30:18","modified_gmt":"2026-02-10T13:30:18","slug":"stolik-metalowy-okragly-siedziska-drewniane-4os-kopia","status":"publish","type":"product","link":"https:\/\/muller.com.pl\/en\/stoliki-metalowe\/stolik-metalowy-okragly-siedziska-drewniane-4os-kopia","title":{"rendered":"Stolik metalowy okr\u0105g\u0142y, 4-os., do postawienia"},"content":{"rendered":"<h3>Stolik w wersji do postawienia<\/h3>\n<ul>\n<li>Konstrukcja urz\u0105dzenia wykonana z rur o \u015brednicy 76,1&#215;3,2mm, oraz 114,3x4mm,<\/li>\n<li>Betonowy blat szlifowany i lakierowany jest wysoce odporny na dzia\u0142anie czynnik\u00f3w atmosferycznych,<\/li>\n<li>Wszystkie elementy stalowe ocynkowane ogniowo (pow\u0142oka cynkowa o grubo\u015bci min. 100 \u00b5m),<\/li>\n<li>Siedziska wykonane z lakierowanego drewna olchowego,<\/li>\n<li>Obrze\u017ce blatu wyko\u0144czone profilowana listw\u0105 aluminiow\u0105<\/li>\n<li>Stoliki do gry w szachy posiadaj\u0105 blat z szachownic\u0105 z kostki granitowej<\/li>\n<li>Stoliki do gry w chi\u0144czyka posiadaj\u0105\u00a0blat z polami z barwionej masy betonowej<\/li>\n<li>Mo\u017cliwa tolerancja wymiar\u00f3w (+\/- 3%).<\/li>\n<\/ul>\n","protected":false},"excerpt":{"rendered":"<p>Stolik w wersji do postawienia Konstrukcja urz\u0105dzenia wykonana z rur o \u015brednicy 76,1&#215;3,2mm, oraz 114,3x4mm, Betonowy blat szlifowany i lakierowany jest wysoce odporny na dzia\u0142anie czynnik\u00f3w atmosferycznych, Wszystkie elementy stalowe ocynkowane ogniowo (pow\u0142oka cynkowa o grubo\u015bci min. 100 \u00b5m), Siedziska wykonane z lakierowanego drewna olchowego, Obrze\u017ce blatu wyko\u0144czone profilowana listw\u0105 aluminiow\u0105 Stoliki do gry w&hellip;<\/p>\n","protected":false},"featured_media":34584,"comment_status":"open","ping_status":"closed","template":"","meta":{"slim_seo":{"title":"Stolik metalowy okr\u0105g\u0142y, 4-os., do postawienia - Muller","description":"Stolik w wersji do postawienia Konstrukcja urz\u0105dzenia wykonana z rur o \u015brednicy 76,1x3,2mm, oraz 114,3x4mm, Betonowy blat szlifowany i lakierowany jest wysoce o"}},"product_brand":[],"product_cat":[73],"product_tag":[],"class_list":{"0":"post-34557","1":"product","2":"type-product","3":"status-publish","4":"has-post-thumbnail","6":"product_cat-stoliki-metalowe","7":"description-off","9":"first","10":"instock","11":"purchasable","12":"product-type-variable"},"_links":{"self":[{"href":"https:\/\/muller.com.pl\/en\/wp-json\/wp\/v2\/product\/34557","targetHints":{"allow":["GET"]}}],"collection":[{"href":"https:\/\/muller.com.pl\/en\/wp-json\/wp\/v2\/product"}],"about":[{"href":"https:\/\/muller.com.pl\/en\/wp-json\/wp\/v2\/types\/product"}],"replies":[{"embeddable":true,"href":"https:\/\/muller.com.pl\/en\/wp-json\/wp\/v2\/comments?post=34557"}],"wp:featuredmedia":[{"embeddable":true,"href":"https:\/\/muller.com.pl\/en\/wp-json\/wp\/v2\/media\/34584"}],"wp:attachment":[{"href":"https:\/\/muller.com.pl\/en\/wp-json\/wp\/v2\/media?parent=34557"}],"wp:term":[{"taxonomy":"product_brand","embeddable":true,"href":"https:\/\/muller.com.pl\/en\/wp-json\/wp\/v2\/product_brand?post=34557"},{"taxonomy":"product_cat","embeddable":true,"href":"https:\/\/muller.com.pl\/en\/wp-json\/wp\/v2\/product_cat?post=34557"},{"taxonomy":"product_tag","embeddable":true,"href":"https:\/\/muller.com.pl\/en\/wp-json\/wp\/v2\/product_tag?post=34557"}],"curies":[{"name":"wp","href":"https:\/\/api.w.org\/{rel}","templated":true}]}}