{"id":34567,"date":"2025-03-14T10:20:48","date_gmt":"2025-03-14T10:20:48","guid":{"rendered":"https:\/\/muller.com.pl\/?post_type=product&#038;p=34567"},"modified":"2026-02-10T13:51:33","modified_gmt":"2026-02-10T13:51:33","slug":"stolik-metalowy-okragly-4os-do-wkopania","status":"publish","type":"product","link":"https:\/\/muller.com.pl\/en\/stoliki-metalowe\/stolik-metalowy-okragly-4os-do-wkopania","title":{"rendered":"Stolik metalowy okr\u0105g\u0142y, 4os., do wkopania"},"content":{"rendered":"<div class=\"text\">\n<h3>Parametry stolika :<\/h3>\n<ul>\n<li>Wysoko\u015b\u0107: 80 cm<\/li>\n<li>Szeroko\u015b\u0107: 202 cm<\/li>\n<li>D\u0142ugo\u015b\u0107: 202 cm<\/li>\n<li>Waga: 240\/490 kg<\/li>\n<\/ul>\n<h3>Czteroosobowy stolik metalowy wykonywany wersji\u00a0do postawienia i do wkopania :<\/h3>\n<ul>\n<li>Konstrukcja wykonana z rur 76,1\u00d73,6mm oraz \u00d8114,3x4mm,<\/li>\n<li>Betonowy blat szlifowany i lakierowany jest wysoce odporny na dzia\u0142anie czynnik\u00f3w atmosferycznych,<\/li>\n<li>Obrze\u017ce blatu oraz siedzisk wyko\u0144czone profilowan\u0105 listw\u0105 aluminiow\u0105,<\/li>\n<li>Siedziska betonowo z ok\u0142adzin\u0105 elastomerow\u0105 odporne na warunki atmosferyczne,<\/li>\n<li>Wszystkie elementy stalowe ocynkowane ogniowo (pow\u0142oka cynkowa o grubo\u015bci min. 100 \u00b5m),<\/li>\n<li>Monta\u017c urz\u0105dzenia z u\u017cyciem prefabrykowanych fundament\u00f3w wykonanych z betonu C25\/30,<\/li>\n<li>Mo\u017cliwa tolerancja wymiar\u00f3w (+\/- 3%).<\/li>\n<\/ul>\n<\/div>\n","protected":false},"excerpt":{"rendered":"<p>Parametry stolika : Wysoko\u015b\u0107: 80 cm Szeroko\u015b\u0107: 202 cm D\u0142ugo\u015b\u0107: 202 cm Waga: 240\/490 kg Czteroosobowy stolik metalowy wykonywany wersji\u00a0do postawienia i do wkopania : Konstrukcja wykonana z rur 76,1\u00d73,6mm oraz \u00d8114,3x4mm, Betonowy blat szlifowany i lakierowany jest wysoce odporny na dzia\u0142anie czynnik\u00f3w atmosferycznych, Obrze\u017ce blatu oraz siedzisk wyko\u0144czone profilowan\u0105 listw\u0105 aluminiow\u0105, Siedziska betonowo z&hellip;<\/p>\n","protected":false},"featured_media":34690,"comment_status":"open","ping_status":"closed","template":"","meta":{"slim_seo":{"title":"Stolik metalowy okr\u0105g\u0142y, 4os., do wkopania - Muller","description":"Parametry stolika : Wysoko\u015b\u0107: 80 cm Szeroko\u015b\u0107: 202 cm D\u0142ugo\u015b\u0107: 202 cm Waga: 240\/490 kg Czteroosobowy stolik metalowy wykonywany wersji\u00a0do postawienia i do wkopa"}},"product_brand":[],"product_cat":[73],"product_tag":[],"class_list":{"0":"post-34567","1":"product","2":"type-product","3":"status-publish","4":"has-post-thumbnail","6":"product_cat-stoliki-metalowe","7":"description-off","9":"first","10":"instock","11":"purchasable","12":"product-type-variable"},"_links":{"self":[{"href":"https:\/\/muller.com.pl\/en\/wp-json\/wp\/v2\/product\/34567","targetHints":{"allow":["GET"]}}],"collection":[{"href":"https:\/\/muller.com.pl\/en\/wp-json\/wp\/v2\/product"}],"about":[{"href":"https:\/\/muller.com.pl\/en\/wp-json\/wp\/v2\/types\/product"}],"replies":[{"embeddable":true,"href":"https:\/\/muller.com.pl\/en\/wp-json\/wp\/v2\/comments?post=34567"}],"wp:featuredmedia":[{"embeddable":true,"href":"https:\/\/muller.com.pl\/en\/wp-json\/wp\/v2\/media\/34690"}],"wp:attachment":[{"href":"https:\/\/muller.com.pl\/en\/wp-json\/wp\/v2\/media?parent=34567"}],"wp:term":[{"taxonomy":"product_brand","embeddable":true,"href":"https:\/\/muller.com.pl\/en\/wp-json\/wp\/v2\/product_brand?post=34567"},{"taxonomy":"product_cat","embeddable":true,"href":"https:\/\/muller.com.pl\/en\/wp-json\/wp\/v2\/product_cat?post=34567"},{"taxonomy":"product_tag","embeddable":true,"href":"https:\/\/muller.com.pl\/en\/wp-json\/wp\/v2\/product_tag?post=34567"}],"curies":[{"name":"wp","href":"https:\/\/api.w.org\/{rel}","templated":true}]}}