{"id":34837,"date":"2026-03-05T11:43:23","date_gmt":"2026-03-05T11:43:23","guid":{"rendered":"https:\/\/muller.com.pl\/?post_type=product&#038;p=34837"},"modified":"2026-04-22T12:07:57","modified_gmt":"2026-04-22T12:07:57","slug":"futura-play-96","status":"publish","type":"product","link":"https:\/\/muller.com.pl\/en\/nowosci\/futura-play-96","title":{"rendered":"Futura Play 96"},"content":{"rendered":"<h3>Zestaw zabawowy na plac zabaw Futura Play 96:<\/h3>\n<ul>\n<li>Konstrukcja no\u015bna wykonana z rur ze stali nierdzewnej o \u015brednicy 60 mm;<\/li>\n<li>Rury konstrukcyjne \u0142\u0105czone za pomoc\u0105 systemu atestowanych \u0142\u0105cznik\u00f3w z tworzywa, przebadanych pod k\u0105tem wytrzyma\u0142o\u015bci w niezale\u017cnym laboratorium badawczym;<\/li>\n<li>Wype\u0142nienia boczne wykonane z tr\u00f3jwarstwowej p\u0142yty HPL o grubo\u015bci 8 mm, z frezowanymi wzorami;<\/li>\n<li>Zje\u017cd\u017calnia tubowa wykonana ze stali nierdzewnej, szlifowana powierzchniowo;<\/li>\n<li>Okienko typu bulaj wykonane z wysokiej jako\u015bci kopu\u0142y poliw\u0119glanowej o \u015brednicy 300 mm;<\/li>\n<li>Podest wykonany z antypo\u015blizgowej sklejki wodoodpornej o grubo\u015bci 21 mm;<\/li>\n<li>Elementy linowe wykonane z liny zbrojonej o \u015brednicy \u00d816mm;<\/li>\n<li>Zje\u017cd\u017calnia wykonana z p\u0142yty HDPE o grubo\u015bci 19 mm oraz blachy nierdzewnej o grubo\u015bci 2 mm;<\/li>\n<li>Uchwyty wspinaczkowe wykonane z \u017cywicy epoksydowej;<\/li>\n<li>Urz\u0105dzenie certyfikowane w systemie akredytowanym PCA (Polskie Centrum Akredytacji);<\/li>\n<li>Monta\u017c zestawu z u\u017cyciem prefabrykowanych fundament\u00f3w wykonanych z betonu C25\/30;<\/li>\n<li>Wymiary urz\u0105dzenia (d\u0142. x szer. x wys.): 7,5 x 4,08 x 4,09 m ;<\/li>\n<li>Wymiary strefy zderzenia (d\u0142. x szer.): 10,51 x 7,56 m;<\/li>\n<li>Maksymalna wysoko\u015b\u0107 swobodnego upadku: 2,08 m;<\/li>\n<li>Mo\u017cliwa tolerancja wymiar\u00f3w (+\/- 3%).<\/li>\n<\/ul>\n<h3>Opis element\u00f3w sk\u0142adowych urz\u0105dzenia:<\/h3>\n<ul>\n<li>Wie\u017ca sze\u015bciok\u0105tna 150&#215;150 cm z dachem i dwoma pi\u0119trowymi podestami o wys. 2,00m oraz 0,46m \u2013 1 szt.<\/li>\n<li>Wie\u017ca kwadratowa 100&#215;100 cm z bez dachu o wys. podestu 2,00 m \u2013 1 szt.<\/li>\n<li>Wie\u017ca kwadratowa 100&#215;100 cm bez dachu o wys. podestu 0,98 m \u2013 1 szt.<\/li>\n<li>Zje\u017cd\u017calnia tubowa ze stali nierdzewnej o wys. 2,00 m \u2013 1 szt.<\/li>\n<li>Zje\u017cd\u017calnia ze stali nierdzewnej o wys. 0,98 m \u2013 1 szt.<\/li>\n<li>Wej\u015bcie sko\u015bna \u015bcianka wspinaczkowa \u2013 1 szt.<\/li>\n<li>Wej\u015bcie \u015bcianka wspinaczkowa wys. 2,00 m \u2013 1 szt.<\/li>\n<li>Wej\u015bcie podw\u00f3jna drabinka linowa wys. 2,00 m \u2013 1 szt.<\/li>\n<li>Bariera bulaj \u2013 1 szt.<\/li>\n<li>Sklepik z lad\u0105 \u2013 1 szt.<\/li>\n<li>Gra k\u00f3\u0142ko i krzy\u017cyk \u2013 1 szt.<\/li>\n<li>Gra labirynt \u2013 1 szt.<\/li>\n<li>Liczyd\u0142o \u2013 1szt.<\/li>\n<li>Bariera kompas \u2013 1 szt.<\/li>\n<li>Bariera zegar \u2013 1 szt.<\/li>\n<li>Bariera kierownica \u2013 1 szt.<\/li>\n<\/ul>\n","protected":false},"excerpt":{"rendered":"<p>Zestaw zabawowy na plac zabaw Futura Play 96: Konstrukcja no\u015bna wykonana z rur ze stali nierdzewnej o \u015brednicy 60 mm; Rury konstrukcyjne \u0142\u0105czone za pomoc\u0105 systemu atestowanych \u0142\u0105cznik\u00f3w z tworzywa, przebadanych pod k\u0105tem wytrzyma\u0142o\u015bci w niezale\u017cnym laboratorium badawczym; Wype\u0142nienia boczne wykonane z tr\u00f3jwarstwowej p\u0142yty HPL o grubo\u015bci 8 mm, z frezowanymi wzorami; Zje\u017cd\u017calnia tubowa wykonana&hellip;<\/p>\n","protected":false},"featured_media":35701,"comment_status":"closed","ping_status":"closed","template":"","meta":{"slim_seo":{"title":"Futura Play 96 - Muller","description":"Zestaw zabawowy na plac zabaw Futura Play 96: Konstrukcja no\u015bna wykonana z rur ze stali nierdzewnej o \u015brednicy 60 mm; Rury konstrukcyjne \u0142\u0105czone za pomoc\u0105 syste"}},"product_brand":[],"product_cat":[586,149],"product_tag":[],"class_list":{"0":"post-34837","1":"product","2":"type-product","3":"status-publish","4":"has-post-thumbnail","6":"product_cat-nowosci","7":"product_cat-futura-play","8":"description-off","10":"first","11":"instock","12":"shipping-taxable","13":"purchasable","14":"product-type-simple"},"_links":{"self":[{"href":"https:\/\/muller.com.pl\/en\/wp-json\/wp\/v2\/product\/34837","targetHints":{"allow":["GET"]}}],"collection":[{"href":"https:\/\/muller.com.pl\/en\/wp-json\/wp\/v2\/product"}],"about":[{"href":"https:\/\/muller.com.pl\/en\/wp-json\/wp\/v2\/types\/product"}],"replies":[{"embeddable":true,"href":"https:\/\/muller.com.pl\/en\/wp-json\/wp\/v2\/comments?post=34837"}],"wp:featuredmedia":[{"embeddable":true,"href":"https:\/\/muller.com.pl\/en\/wp-json\/wp\/v2\/media\/35701"}],"wp:attachment":[{"href":"https:\/\/muller.com.pl\/en\/wp-json\/wp\/v2\/media?parent=34837"}],"wp:term":[{"taxonomy":"product_brand","embeddable":true,"href":"https:\/\/muller.com.pl\/en\/wp-json\/wp\/v2\/product_brand?post=34837"},{"taxonomy":"product_cat","embeddable":true,"href":"https:\/\/muller.com.pl\/en\/wp-json\/wp\/v2\/product_cat?post=34837"},{"taxonomy":"product_tag","embeddable":true,"href":"https:\/\/muller.com.pl\/en\/wp-json\/wp\/v2\/product_tag?post=34837"}],"curies":[{"name":"wp","href":"https:\/\/api.w.org\/{rel}","templated":true}]}}