{"id":34874,"date":"2026-03-04T11:02:06","date_gmt":"2026-03-04T11:02:06","guid":{"rendered":"https:\/\/muller.com.pl\/?post_type=product&#038;p=34874"},"modified":"2026-03-31T12:06:11","modified_gmt":"2026-03-31T12:06:11","slug":"futura-play-31","status":"publish","type":"product","link":"https:\/\/muller.com.pl\/en\/nowosci\/futura-play-31","title":{"rendered":"Futura Play 95"},"content":{"rendered":"<h3>Zestaw zabawowy na plac zabaw Futura Play 95:<\/h3>\n<ul>\n<li>Konstrukcja no\u015bna wykonana z rur ze stali nierdzewnej o \u015brednicy 60 mm;<\/li>\n<li>Rury konstrukcyjne \u0142\u0105czone za pomoc\u0105 systemu atestowanych \u0142\u0105cznik\u00f3w z tworzywa, przebadanych pod k\u0105tem wytrzyma\u0142o\u015bci w niezale\u017cnym laboratorium badawczym;<\/li>\n<li>Wype\u0142nienia boczne wykonane z tr\u00f3jwarstwowej p\u0142yty HPL o grubo\u015bci 8 mm, z frezowanymi wzorami;<\/li>\n<li>Zje\u017cd\u017calnia tubowa wykonana z polietylenu;<\/li>\n<li>Podest wykonany z antypo\u015blizgowej sklejki wodoodpornej o grubo\u015bci 21 mm;<\/li>\n<li>Elementy linowe wykonane z liny zbrojonej o \u015brednicy \u00d816mm;<\/li>\n<li>Zje\u017cd\u017calnia wykonana z p\u0142yty HDPE o grubo\u015bci 19 mm oraz blachy nierdzewnej o grubo\u015bci 2 mm;<\/li>\n<li>Uchwyty wspinaczkowe wykonane z \u017cywicy epoksydowej;<\/li>\n<li>Urz\u0105dzenie certyfikowane w systemie akredytowanym PCA (Polskie Centrum Akredytacji);<\/li>\n<li>Monta\u017c zestawu z u\u017cyciem prefabrykowanych fundament\u00f3w wykonanych z betonu C25\/30;<\/li>\n<li>Wymiary urz\u0105dzenia (d\u0142. x szer. x wys.): 8,28 x 7,03 x 3,21 m;<\/li>\n<li>Wymiary strefy zderzenia (d\u0142. x szer.): 10,57 x 9,51 m;<\/li>\n<li>Maksymalna wysoko\u015b\u0107 swobodnego upadku: 2,1 m;<\/li>\n<li>Mo\u017cliwa tolerancja wymiar\u00f3w (+\/- 3%).<\/li>\n<\/ul>\n<h3>Opis element\u00f3w sk\u0142adowych urz\u0105dzenia:<\/h3>\n<ul>\n<li>Wie\u017ca czworok\u0105tna bez dachu wys. 98 cm x 1 szt.<\/li>\n<li>Wie\u017ca czworok\u0105tna z dachem wys. 123 cm x 2 szt.<\/li>\n<li>Wie\u017ca czworok\u0105tna bez dachu wys. 123 cm x 1 szt.<\/li>\n<li>Przej\u015bcie mi\u0119dzy wie\u017cami pomost z barierami x 2 szt.<\/li>\n<li>Przej\u015bcie mi\u0119dzy wie\u017cami tunel z tworzywa x 1 szt.<\/li>\n<li>\u015acianka linowa paj\u0119czyna mi\u0119dzy wie\u017cami x 1 szt.<\/li>\n<li>Zje\u017cd\u017calnia \u015blizg ze stali nierdzewnej wys. 123 cm x 1szt.<\/li>\n<li>Zje\u017cd\u017calnia rurowa z polietylenu wys. 123 cm x 1 szt.<\/li>\n<li>Wej\u015bcie schody wys. 98 cm x 1 szt.<\/li>\n<li>Wej\u015bcie \u015bcianka wspinaczkowa wys. 123 cm x 1 szt.<\/li>\n<li>Wej\u015bcie drabinka wys. 98 cm x 1 szt.<\/li>\n<li>Wej\u015bcie drabinka wys. 123 cm x 1 szt.<\/li>\n<li>Wej\u015bcie linowa wys. 123 cm x 1 szt.<\/li>\n<li>Balkonik x 2 szt.<\/li>\n<li>Karuzela pochy\u0142a b\u0105czek x 1 szt.<\/li>\n<li>\u0141ukowa \u015bcianka linowa 1 szt.<\/li>\n<\/ul>\n","protected":false},"excerpt":{"rendered":"<p>Zestaw zabawowy na plac zabaw Futura Play 95: Konstrukcja no\u015bna wykonana z rur ze stali nierdzewnej o \u015brednicy 60 mm; Rury konstrukcyjne \u0142\u0105czone za pomoc\u0105 systemu atestowanych \u0142\u0105cznik\u00f3w z tworzywa, przebadanych pod k\u0105tem wytrzyma\u0142o\u015bci w niezale\u017cnym laboratorium badawczym; Wype\u0142nienia boczne wykonane z tr\u00f3jwarstwowej p\u0142yty HPL o grubo\u015bci 8 mm, z frezowanymi wzorami; Zje\u017cd\u017calnia tubowa wykonana&hellip;<\/p>\n","protected":false},"featured_media":35003,"comment_status":"closed","ping_status":"closed","template":"","meta":{"slim_seo":{"title":"Futura Play 95 - Muller","description":"Zestaw zabawowy na plac zabaw Futura Play 95: Konstrukcja no\u015bna wykonana z rur ze stali nierdzewnej o \u015brednicy 60 mm; Rury konstrukcyjne \u0142\u0105czone za pomoc\u0105 syste"}},"product_brand":[],"product_cat":[586,149],"product_tag":[],"class_list":{"0":"post-34874","1":"product","2":"type-product","3":"status-publish","4":"has-post-thumbnail","6":"product_cat-nowosci","7":"product_cat-futura-play","8":"description-off","10":"first","11":"instock","12":"shipping-taxable","13":"purchasable","14":"product-type-simple"},"_links":{"self":[{"href":"https:\/\/muller.com.pl\/en\/wp-json\/wp\/v2\/product\/34874","targetHints":{"allow":["GET"]}}],"collection":[{"href":"https:\/\/muller.com.pl\/en\/wp-json\/wp\/v2\/product"}],"about":[{"href":"https:\/\/muller.com.pl\/en\/wp-json\/wp\/v2\/types\/product"}],"replies":[{"embeddable":true,"href":"https:\/\/muller.com.pl\/en\/wp-json\/wp\/v2\/comments?post=34874"}],"wp:featuredmedia":[{"embeddable":true,"href":"https:\/\/muller.com.pl\/en\/wp-json\/wp\/v2\/media\/35003"}],"wp:attachment":[{"href":"https:\/\/muller.com.pl\/en\/wp-json\/wp\/v2\/media?parent=34874"}],"wp:term":[{"taxonomy":"product_brand","embeddable":true,"href":"https:\/\/muller.com.pl\/en\/wp-json\/wp\/v2\/product_brand?post=34874"},{"taxonomy":"product_cat","embeddable":true,"href":"https:\/\/muller.com.pl\/en\/wp-json\/wp\/v2\/product_cat?post=34874"},{"taxonomy":"product_tag","embeddable":true,"href":"https:\/\/muller.com.pl\/en\/wp-json\/wp\/v2\/product_tag?post=34874"}],"curies":[{"name":"wp","href":"https:\/\/api.w.org\/{rel}","templated":true}]}}