{"id":34964,"date":"2026-03-20T12:39:56","date_gmt":"2026-03-20T12:39:56","guid":{"rendered":"https:\/\/muller.com.pl\/?post_type=product&#038;p=34964"},"modified":"2026-03-20T12:39:56","modified_gmt":"2026-03-20T12:39:56","slug":"zestaw-avenir-17","status":"publish","type":"product","link":"https:\/\/muller.com.pl\/en\/nowosci\/zestaw-avenir-17","title":{"rendered":"Zestaw Avenir 17"},"content":{"rendered":"<ul>\n<li>Konstrukcja wykonana z rury stalowej \u00d848,3&#215;2,9mm;<\/li>\n<li>Podesty wykonane z antypo\u015blizgowej, wodoodpornej sklejki o grubo\u015bci 21mm;<\/li>\n<li>Rury konstrukcyjne \u0142\u0105czone za pomoc\u0105 systemu atestowanych \u0142\u0105cznik\u00f3w z tworzywa, przebadanych pod k\u0105tem wytrzyma\u0142o\u015bci w niezale\u017cnym laboratorium badawczym;<\/li>\n<li>Elementy linowe wykonane z liny zbrojonej \u00d816mm;<\/li>\n<li>Wszystkie elementy stalowe ocynkowane ogniowo (pow\u0142oka cynkowa o grubo\u015bci min. 100 \u00b5m) oraz malowana proszkowo;<\/li>\n<li>Urz\u0105dzenie certyfikowane w systemie akredytowanym PCA (Polskie Centrum Akredytacji);<\/li>\n<li>Monta\u017c zestawu z u\u017cyciem prefabrykowanych fundament\u00f3w wykonanych z betonu C25\/30;<\/li>\n<li>Wymiary urz\u0105dzenia (d\u0142. x szer. x wys.): 8,01 x 2,72 x 1,41 m ;<\/li>\n<li>Wymiary strefy zderzenia (d\u0142. x szer.): 10,97 x 5,69 m;<\/li>\n<li>Maksymalna wysoko\u015b\u0107 swobodnego upadku: 0,57 m;<\/li>\n<li>Mo\u017cliwa tolerancja wymiar\u00f3w (+\/- 3%).<\/li>\n<\/ul>\n<p>&nbsp;<\/p>\n<h5>Lista modu\u0142\u00f3w:<\/h5>\n<ul>\n<li>Most z lin\u0105 o d\u0142. 1,32 m.- 1szt<\/li>\n<li>Most linowy gesty skos o d\u0142. 0,66 m. i wys. 0,15-0,55 m.- 2szt<\/li>\n<li>Wie\u017ca kwadratowa bez dachu o wys. podestu 0,15 m.- 4szt<\/li>\n<li>Wie\u017ca tr\u00f3jk\u0105tna bez dachu o wys. podestu 0,15 m.- 3szt<\/li>\n<li>Most linowy ze stopnicami o d\u0142. 1,32 m.- 1szt<\/li>\n<li>Tunel linowy o d\u0142. 1,32 m.- 1szt<\/li>\n<li>Wie\u017ca H o wys. 0,55 m.- 4szt<\/li>\n<li>Poprzeczka rurka- 2szt<\/li>\n<li>Pomost sko\u015bny z poprzeczka o d\u0142. 0,66 m. i wys. 0,15-0,55 m.- 2szt<\/li>\n<li>Skoczki o d\u0142. 1,32 m.- 2szt<\/li>\n<li>Most linowy ze stopnicami o d\u0142. 1,32 m.- 1szt<\/li>\n<li>Tunel o d\u0142. 1,32 m.- 1szt<\/li>\n<li>Belka ruchoma o d\u0142. 1,32 m.- 1szt<\/li>\n<\/ul>\n","protected":false},"excerpt":{"rendered":"<p>Konstrukcja wykonana z rury stalowej \u00d848,3&#215;2,9mm; Podesty wykonane z antypo\u015blizgowej, wodoodpornej sklejki o grubo\u015bci 21mm; Rury konstrukcyjne \u0142\u0105czone za pomoc\u0105 systemu atestowanych \u0142\u0105cznik\u00f3w z tworzywa, przebadanych pod k\u0105tem wytrzyma\u0142o\u015bci w niezale\u017cnym laboratorium badawczym; Elementy linowe wykonane z liny zbrojonej \u00d816mm; Wszystkie elementy stalowe ocynkowane ogniowo (pow\u0142oka cynkowa o grubo\u015bci min. 100 \u00b5m) oraz malowana proszkowo;&hellip;<\/p>\n","protected":false},"featured_media":34960,"comment_status":"closed","ping_status":"closed","template":"","meta":{"slim_seo":{"title":"Zestaw Avenir 17 - Muller","description":"Konstrukcja wykonana z rury stalowej \u00d848,3x2,9mm; Podesty wykonane z antypo\u015blizgowej, wodoodpornej sklejki o grubo\u015bci 21mm; Rury konstrukcyjne \u0142\u0105czone za pomoc\u0105"}},"product_brand":[],"product_cat":[172,586],"product_tag":[],"class_list":{"0":"post-34964","1":"product","2":"type-product","3":"status-publish","4":"has-post-thumbnail","6":"product_cat-zestawy-avenir","7":"product_cat-nowosci","8":"description-off","10":"first","11":"instock","12":"shipping-taxable","13":"purchasable","14":"product-type-simple"},"_links":{"self":[{"href":"https:\/\/muller.com.pl\/en\/wp-json\/wp\/v2\/product\/34964","targetHints":{"allow":["GET"]}}],"collection":[{"href":"https:\/\/muller.com.pl\/en\/wp-json\/wp\/v2\/product"}],"about":[{"href":"https:\/\/muller.com.pl\/en\/wp-json\/wp\/v2\/types\/product"}],"replies":[{"embeddable":true,"href":"https:\/\/muller.com.pl\/en\/wp-json\/wp\/v2\/comments?post=34964"}],"wp:featuredmedia":[{"embeddable":true,"href":"https:\/\/muller.com.pl\/en\/wp-json\/wp\/v2\/media\/34960"}],"wp:attachment":[{"href":"https:\/\/muller.com.pl\/en\/wp-json\/wp\/v2\/media?parent=34964"}],"wp:term":[{"taxonomy":"product_brand","embeddable":true,"href":"https:\/\/muller.com.pl\/en\/wp-json\/wp\/v2\/product_brand?post=34964"},{"taxonomy":"product_cat","embeddable":true,"href":"https:\/\/muller.com.pl\/en\/wp-json\/wp\/v2\/product_cat?post=34964"},{"taxonomy":"product_tag","embeddable":true,"href":"https:\/\/muller.com.pl\/en\/wp-json\/wp\/v2\/product_tag?post=34964"}],"curies":[{"name":"wp","href":"https:\/\/api.w.org\/{rel}","templated":true}]}}