{"id":35142,"date":"2026-04-03T10:13:57","date_gmt":"2026-04-03T10:13:57","guid":{"rendered":"https:\/\/muller.com.pl\/?post_type=product&#038;p=35142"},"modified":"2026-04-03T10:15:02","modified_gmt":"2026-04-03T10:15:02","slug":"futura-play-87","status":"publish","type":"product","link":"https:\/\/muller.com.pl\/en\/nowosci\/futura-play-87","title":{"rendered":"Futura Play 87"},"content":{"rendered":"<h3>Zestaw zabawowy na plac zabaw Futura Play 87:<\/h3>\n<ul>\n<li>Konstrukcja no\u015bna wykonana z rur ze stali nierdzewnej o \u015brednicy 60 mm;<\/li>\n<li>Rury konstrukcyjne \u0142\u0105czone za pomoc\u0105 systemu atestowanych \u0142\u0105cznik\u00f3w z tworzywa, przebadanych pod k\u0105tem wytrzyma\u0142o\u015bci w niezale\u017cnym laboratorium badawczym;<\/li>\n<li>Wype\u0142nienia boczne wykonane z tr\u00f3jwarstwowej p\u0142yty HPL o grubo\u015bci 8 mm, z frezowanymi wzorami;<\/li>\n<li>Podest wykonany z antypo\u015blizgowej sklejki wodoodpornej o grubo\u015bci 21 mm;<\/li>\n<li>Elementy linowe wykonane z liny zbrojonej o \u015brednicy \u00d816mm,<\/li>\n<li>Zje\u017cd\u017calnia wykonana z p\u0142yty HDPE o grubo\u015bci 19 mm oraz blachy nierdzewnej o grubo\u015bci 2 mm;<\/li>\n<li>Uchwyty wspinaczkowe wykonane z \u017cywicy epoksydowej;<\/li>\n<li>Urz\u0105dzenie certyfikowane w systemie akredytowanym PCA (Polskie Centrum Akredytacji);<\/li>\n<li>Monta\u017c zestawu z u\u017cyciem prefabrykowanych fundament\u00f3w wykonanych z betonu C25\/30;<\/li>\n<li>Wymiary urz\u0105dzenia (d\u0142. x szer. x wys.): 7,1 x 7,58 x 5,22 m ;<\/li>\n<li>Wymiary strefy zderzenia (d\u0142. x szer.): 9,43 x 9,75 m;<\/li>\n<li>Maksymalna wysoko\u015b\u0107 swobodnego upadku: 2,1 m;<\/li>\n<li>Mo\u017cliwa tolerancja wymiar\u00f3w (+\/- 3%).<\/li>\n<\/ul>\n<h3>Opis element\u00f3w sk\u0142adowych urz\u0105dzenia:<\/h3>\n<ul>\n<li>Wie\u017ca sze\u015bciok\u0105tna 150&#215;150 cm z dachem o wys. podestu 1,83m \u2013 1 szt.<\/li>\n<li>Wie\u017ca kwadratowa 100&#215;100 cm z dachem o wys. podestu 1,23 m \u2013 1 szt.<\/li>\n<li>Wie\u017ca kwadratowa 100&#215;100 cm bez dachu o wys. podestu 1,48 m \u2013 1 szt.<\/li>\n<li>Wie\u017ca kwadratowa 100&#215;100 cm bez dachu o wys. podestu 0,98 m \u2013 3 szt.<\/li>\n<li>Wie\u017ca tr\u00f3jk\u0105tna 100&#215;85 cm bez dachu o wys. podestu 1,48 m \u2013 1 szt.<\/li>\n<li>Wie\u017ca tr\u00f3jk\u0105tna 100&#215;85 cm bez dachu o wys. podestu 0,98 m \u2013 1 szt.<\/li>\n<li>Zje\u017cd\u017calnia ze stali nierdzewnej o wys. 1,48 m \u2013 1 szt.<\/li>\n<li>Przej\u015bcie sko\u015bny most linowy d\u0142ugo\u015bci 1,8 m \u2013 1 szt.<\/li>\n<li>Przej\u015bcie kula d\u0142ugo\u015bci 1,8 m \u2013 1 szt.<\/li>\n<li>Wej\u015bcie drabinka \u0142ukowa wys. 1,83m \u2013 1 szt.<\/li>\n<li>Wej\u015bcie komin linowy wys. 1,83m \u2013 1 szt.<\/li>\n<li>Wej\u015bcie \u015bcianka wspinaczkowa wys. 1,83m \u2013 1 szt.<\/li>\n<li>Wej\u015bcie drabinka linowa wys. 1,48m \u2013 1 szt.<\/li>\n<li>Wej\u015bcie \u015bcianka wspinaczkowa wys. 0,98m \u2013 1 szt.<\/li>\n<li>Wej\u015bcie drabinka wys. 0,98m \u2013 1 szt.<\/li>\n<li>\u015acianka linowa paj\u0119czyna \u2013 1 szt.<\/li>\n<li>\u015acianka linowo-wspinaczkowa \u2013 1 szt.<\/li>\n<li>Karuzela pochy\u0142a b\u0105czek \u2013 1 szt.<\/li>\n<li>Panel liczyd\u0142o \u2013 1 szt.<\/li>\n<li>Panel kierownica \u2013 1 szt.<\/li>\n<li>Panel gra labirynt \u2013 1 szt.<\/li>\n<li>Panel gra w cyfry \u2013 1 szt.<\/li>\n<li>Panel gra dopasuj kszta\u0142ty \u2013 1 szt.<\/li>\n<li>Panel gra tropy zwierz\u0105t \u2013 1 szt.<\/li>\n<li>Panel gra k\u00f3\u0142ko i krzy\u017cyk \u2013 1 szt.<\/li>\n<\/ul>\n","protected":false},"excerpt":{"rendered":"<p>Zestaw zabawowy na plac zabaw Futura Play 87: Konstrukcja no\u015bna wykonana z rur ze stali nierdzewnej o \u015brednicy 60 mm; Rury konstrukcyjne \u0142\u0105czone za pomoc\u0105 systemu atestowanych \u0142\u0105cznik\u00f3w z tworzywa, przebadanych pod k\u0105tem wytrzyma\u0142o\u015bci w niezale\u017cnym laboratorium badawczym; Wype\u0142nienia boczne wykonane z tr\u00f3jwarstwowej p\u0142yty HPL o grubo\u015bci 8 mm, z frezowanymi wzorami; Podest wykonany z&hellip;<\/p>\n","protected":false},"featured_media":35147,"comment_status":"closed","ping_status":"closed","template":"","meta":{"slim_seo":{"title":"Futura Play 87 - Muller","description":"Zestaw zabawowy na plac zabaw Futura Play 87: Konstrukcja no\u015bna wykonana z rur ze stali nierdzewnej o \u015brednicy 60 mm; Rury konstrukcyjne \u0142\u0105czone za pomoc\u0105 syste"}},"product_brand":[],"product_cat":[586,97,117,149],"product_tag":[],"class_list":{"0":"post-35142","1":"product","2":"type-product","3":"status-publish","4":"has-post-thumbnail","6":"product_cat-nowosci","7":"product_cat-seria-futura","8":"product_cat-place-zabaw","9":"product_cat-futura-play","10":"description-off","12":"first","13":"instock","14":"shipping-taxable","15":"purchasable","16":"product-type-simple"},"_links":{"self":[{"href":"https:\/\/muller.com.pl\/en\/wp-json\/wp\/v2\/product\/35142","targetHints":{"allow":["GET"]}}],"collection":[{"href":"https:\/\/muller.com.pl\/en\/wp-json\/wp\/v2\/product"}],"about":[{"href":"https:\/\/muller.com.pl\/en\/wp-json\/wp\/v2\/types\/product"}],"replies":[{"embeddable":true,"href":"https:\/\/muller.com.pl\/en\/wp-json\/wp\/v2\/comments?post=35142"}],"wp:featuredmedia":[{"embeddable":true,"href":"https:\/\/muller.com.pl\/en\/wp-json\/wp\/v2\/media\/35147"}],"wp:attachment":[{"href":"https:\/\/muller.com.pl\/en\/wp-json\/wp\/v2\/media?parent=35142"}],"wp:term":[{"taxonomy":"product_brand","embeddable":true,"href":"https:\/\/muller.com.pl\/en\/wp-json\/wp\/v2\/product_brand?post=35142"},{"taxonomy":"product_cat","embeddable":true,"href":"https:\/\/muller.com.pl\/en\/wp-json\/wp\/v2\/product_cat?post=35142"},{"taxonomy":"product_tag","embeddable":true,"href":"https:\/\/muller.com.pl\/en\/wp-json\/wp\/v2\/product_tag?post=35142"}],"curies":[{"name":"wp","href":"https:\/\/api.w.org\/{rel}","templated":true}]}}