{"id":35492,"date":"2026-04-14T09:49:23","date_gmt":"2026-04-14T09:49:23","guid":{"rendered":"https:\/\/muller.com.pl\/?post_type=product&#038;p=35492"},"modified":"2026-04-14T09:56:30","modified_gmt":"2026-04-14T09:56:30","slug":"lawka-dla-karmiacych-mam","status":"publish","type":"product","link":"https:\/\/muller.com.pl\/en\/lawka-parkowa\/lawka-dla-karmiacych-mam","title":{"rendered":"\u0141awka dla karmi\u0105cych mam"},"content":{"rendered":"<h4>\u0141awka dla karmi\u0105cych mam<\/h4>\n<ul>\n<li>Konstrukcja \u0142awki wykonana z profilu stalowego 80x40x3mm,<\/li>\n<li>Listwy \u0142awki wykonane z tworzywa sztucznego,<\/li>\n<li>Powierzchnia przewijaka wykonana z p\u0142yty HDPE o grubo\u015bci min. 15mm,<\/li>\n<li>Wszystkie elementy stalowe ocynkowane ogniowo (pow\u0142oka cynkowa gr. min. 100 \u00b5m) oraz malowane proszkowo,<\/li>\n<li>Monta\u017c zestawu z u\u017cyciem prefabrykowanych fundament\u00f3w wykonanych z betonu C25\/30,<\/li>\n<li>Wymiary urz\u0105dzenia (d\u0142. x szer. x wys.): 2,08 x 0,51x 0,81 m ;<\/li>\n<li>Mo\u017cliwa tolerancja wymiar\u00f3w (+\/- 3%).<\/li>\n<\/ul>\n","protected":false},"excerpt":{"rendered":"<p>\u0141awka dla karmi\u0105cych mam Konstrukcja \u0142awki wykonana z profilu stalowego 80x40x3mm, Listwy \u0142awki wykonane z tworzywa sztucznego, Powierzchnia przewijaka wykonana z p\u0142yty HDPE o grubo\u015bci min. 15mm, Wszystkie elementy stalowe ocynkowane ogniowo (pow\u0142oka cynkowa gr. min. 100 \u00b5m) oraz malowane proszkowo, Monta\u017c zestawu z u\u017cyciem prefabrykowanych fundament\u00f3w wykonanych z betonu C25\/30, Wymiary urz\u0105dzenia (d\u0142. x&hellip;<\/p>\n","protected":false},"featured_media":35497,"comment_status":"closed","ping_status":"closed","template":"","meta":{"slim_seo":{"title":"\u0141awka dla karmi\u0105cych mam - Muller","description":"\u0141awka dla karmi\u0105cych mam Konstrukcja \u0142awki wykonana z profilu stalowego 80x40x3mm, Listwy \u0142awki wykonane z tworzywa sztucznego, Powierzchnia przewijaka wykonana"}},"product_brand":[],"product_cat":[1207,61,123],"product_tag":[],"class_list":{"0":"post-35492","1":"product","2":"type-product","3":"status-publish","4":"has-post-thumbnail","6":"product_cat-lawka-parkowa","7":"product_cat-lawki-parkowe-metalowe","8":"product_cat-mala-architektura","9":"description-off","11":"first","12":"instock","13":"shipping-taxable","14":"purchasable","15":"product-type-simple"},"_links":{"self":[{"href":"https:\/\/muller.com.pl\/en\/wp-json\/wp\/v2\/product\/35492","targetHints":{"allow":["GET"]}}],"collection":[{"href":"https:\/\/muller.com.pl\/en\/wp-json\/wp\/v2\/product"}],"about":[{"href":"https:\/\/muller.com.pl\/en\/wp-json\/wp\/v2\/types\/product"}],"replies":[{"embeddable":true,"href":"https:\/\/muller.com.pl\/en\/wp-json\/wp\/v2\/comments?post=35492"}],"wp:featuredmedia":[{"embeddable":true,"href":"https:\/\/muller.com.pl\/en\/wp-json\/wp\/v2\/media\/35497"}],"wp:attachment":[{"href":"https:\/\/muller.com.pl\/en\/wp-json\/wp\/v2\/media?parent=35492"}],"wp:term":[{"taxonomy":"product_brand","embeddable":true,"href":"https:\/\/muller.com.pl\/en\/wp-json\/wp\/v2\/product_brand?post=35492"},{"taxonomy":"product_cat","embeddable":true,"href":"https:\/\/muller.com.pl\/en\/wp-json\/wp\/v2\/product_cat?post=35492"},{"taxonomy":"product_tag","embeddable":true,"href":"https:\/\/muller.com.pl\/en\/wp-json\/wp\/v2\/product_tag?post=35492"}],"curies":[{"name":"wp","href":"https:\/\/api.w.org\/{rel}","templated":true}]}}