{"id":35501,"date":"2026-04-14T09:52:38","date_gmt":"2026-04-14T09:52:38","guid":{"rendered":"https:\/\/muller.com.pl\/?post_type=product&#038;p=35501"},"modified":"2026-04-14T09:54:15","modified_gmt":"2026-04-14T09:54:15","slug":"lawka-dla-karmiacych-mam-z-zacienieniem","status":"publish","type":"product","link":"https:\/\/muller.com.pl\/en\/lawka-parkowa\/lawka-dla-karmiacych-mam-z-zacienieniem","title":{"rendered":"\u0141awka dla karmi\u0105cych mam z zacienieniem"},"content":{"rendered":"<h4>\u0141awka dla karmi\u0105cych mam z zacienieniem<\/h4>\n<ul>\n<li>Konstrukcja \u0142awki wykonana z profilu stalowego 80x40x3mm,<\/li>\n<li>Listwy \u0142awki wykonane z tworzywa sztucznego,<\/li>\n<li>Powierzchnia przewijaka wykonana z p\u0142yty HDPE o grubo\u015bci min. 15mm,<\/li>\n<li>Urz\u0105dzenie wyposa\u017cone w materia\u0142 zacieniaj\u0105cy, ograniczaj\u0105cy dost\u0119p \u015bwiat\u0142a o oko\u0142o 50%,<\/li>\n<li>Wszystkie elementy stalowe ocynkowane ogniowo (pow\u0142oka cynkowa gr. min. 100 \u00b5m) oraz malowane proszkowo,<\/li>\n<li>Monta\u017c zestawu z u\u017cyciem prefabrykowanych fundament\u00f3w wykonanych z betonu C25\/30,<\/li>\n<li>Wymiary urz\u0105dzenia (d\u0142. x szer. x wys.): 2,08 x 1,00 x 2,19 m;<\/li>\n<li>Mo\u017cliwa tolerancja wymiar\u00f3w (+\/- 3%).<\/li>\n<\/ul>\n","protected":false},"excerpt":{"rendered":"<p>\u0141awka dla karmi\u0105cych mam z zacienieniem Konstrukcja \u0142awki wykonana z profilu stalowego 80x40x3mm, Listwy \u0142awki wykonane z tworzywa sztucznego, Powierzchnia przewijaka wykonana z p\u0142yty HDPE o grubo\u015bci min. 15mm, Urz\u0105dzenie wyposa\u017cone w materia\u0142 zacieniaj\u0105cy, ograniczaj\u0105cy dost\u0119p \u015bwiat\u0142a o oko\u0142o 50%, Wszystkie elementy stalowe ocynkowane ogniowo (pow\u0142oka cynkowa gr. min. 100 \u00b5m) oraz malowane proszkowo, Monta\u017c&hellip;<\/p>\n","protected":false},"featured_media":35502,"comment_status":"closed","ping_status":"closed","template":"","meta":{"slim_seo":{"title":"\u0141awka dla karmi\u0105cych mam z zacienieniem - Muller","description":"\u0141awka dla karmi\u0105cych mam z zacienieniem Konstrukcja \u0142awki wykonana z profilu stalowego 80x40x3mm, Listwy \u0142awki wykonane z tworzywa sztucznego, Powierzchnia prze"}},"product_brand":[],"product_cat":[1207,61,123],"product_tag":[],"class_list":{"0":"post-35501","1":"product","2":"type-product","3":"status-publish","4":"has-post-thumbnail","6":"product_cat-lawka-parkowa","7":"product_cat-lawki-parkowe-metalowe","8":"product_cat-mala-architektura","9":"description-off","11":"first","12":"instock","13":"shipping-taxable","14":"purchasable","15":"product-type-simple"},"_links":{"self":[{"href":"https:\/\/muller.com.pl\/en\/wp-json\/wp\/v2\/product\/35501","targetHints":{"allow":["GET"]}}],"collection":[{"href":"https:\/\/muller.com.pl\/en\/wp-json\/wp\/v2\/product"}],"about":[{"href":"https:\/\/muller.com.pl\/en\/wp-json\/wp\/v2\/types\/product"}],"replies":[{"embeddable":true,"href":"https:\/\/muller.com.pl\/en\/wp-json\/wp\/v2\/comments?post=35501"}],"wp:featuredmedia":[{"embeddable":true,"href":"https:\/\/muller.com.pl\/en\/wp-json\/wp\/v2\/media\/35502"}],"wp:attachment":[{"href":"https:\/\/muller.com.pl\/en\/wp-json\/wp\/v2\/media?parent=35501"}],"wp:term":[{"taxonomy":"product_brand","embeddable":true,"href":"https:\/\/muller.com.pl\/en\/wp-json\/wp\/v2\/product_brand?post=35501"},{"taxonomy":"product_cat","embeddable":true,"href":"https:\/\/muller.com.pl\/en\/wp-json\/wp\/v2\/product_cat?post=35501"},{"taxonomy":"product_tag","embeddable":true,"href":"https:\/\/muller.com.pl\/en\/wp-json\/wp\/v2\/product_tag?post=35501"}],"curies":[{"name":"wp","href":"https:\/\/api.w.org\/{rel}","templated":true}]}}