{"id":35541,"date":"2026-04-15T10:13:53","date_gmt":"2026-04-15T10:13:53","guid":{"rendered":"https:\/\/muller.com.pl\/?post_type=product&#038;p=35541"},"modified":"2026-04-15T10:16:12","modified_gmt":"2026-04-15T10:16:12","slug":"fabryka-piasku","status":"publish","type":"product","link":"https:\/\/muller.com.pl\/en\/nowosci\/fabryka-piasku","title":{"rendered":"Fabryka Piasku"},"content":{"rendered":"<h4>Fabryka Piasku<\/h4>\n<ul>\n<li>Konstrukcja wykonana z rury \u00d848,3&#215;2,9mm;<\/li>\n<li>Blaty wykonane z p\u0142yty HPL o grubo\u015b\u0107 8mm;<\/li>\n<li>Elementy typu sita, wanny oraz zsyp wykonane z blachy nierdzewnej o grubo\u015bci 2mm;<\/li>\n<li>Elementy ruchome wykonane z p\u0142yty HPL i HDPE;<\/li>\n<li>\u0141a\u0144cuch wykonany ze stali nierdzewnej;<\/li>\n<li>W sk\u0142ad urz\u0105dzenia wchodz\u0105: 3 x blat, 2 x ruchome forma do babek, 2 x wanna do piasku, zestaw sit, wci\u0105garka piasku z wiaderkiem, panel z ruchom\u0105 wag\u0105, panel lejek z ruchomym ko\u0142owrotkiem, rynna piaskowa \u0142agodna, rynna piaskowa stroma;<\/li>\n<li>Wszystkie elementy stalowe ocynkowane ogniowo (pow\u0142oka cynkowa gr. min. 100 \u00b5m) oraz malowane proszkowo,<\/li>\n<li>Urz\u0105dzenie certyfikowane w systemie akredytowanym PCA (Polskie Centrum Akredytacji),<\/li>\n<li>Monta\u017c zestawu z u\u017cyciem prefabrykowanych fundament\u00f3w wykonanych z betonu C25\/30.<\/li>\n<li>Wymiary urz\u0105dzenia (d\u0142. x szer. x wys.): 4,16 x 3,17 x 1,87 m;<\/li>\n<li>Wymiary strefy zderzenia (d\u0142. x szer.): 7,16 x 6,17 m;<\/li>\n<li>Maksymalna wysoko\u015b\u0107 swobodnego upadku: 0,97 m;<\/li>\n<li>Mo\u017cliwa tolerancja wymiar\u00f3w (+\/- 3%).<\/li>\n<\/ul>\n","protected":false},"excerpt":{"rendered":"<p>Fabryka Piasku Konstrukcja wykonana z rury \u00d848,3&#215;2,9mm; Blaty wykonane z p\u0142yty HPL o grubo\u015b\u0107 8mm; Elementy typu sita, wanny oraz zsyp wykonane z blachy nierdzewnej o grubo\u015bci 2mm; Elementy ruchome wykonane z p\u0142yty HPL i HDPE; \u0141a\u0144cuch wykonany ze stali nierdzewnej; W sk\u0142ad urz\u0105dzenia wchodz\u0105: 3 x blat, 2 x ruchome forma do babek, 2&hellip;<\/p>\n","protected":false},"featured_media":35546,"comment_status":"closed","ping_status":"closed","template":"","meta":{"slim_seo":{"title":"Fabryka Piasku - Muller","description":"Fabryka Piasku Konstrukcja wykonana z rury \u00d848,3x2,9mm; Blaty wykonane z p\u0142yty HPL o grubo\u015b\u0107 8mm; Elementy typu sita, wanny oraz zsyp wykonane z blachy nierdzew"}},"product_brand":[],"product_cat":[586,117,17],"product_tag":[],"class_list":{"0":"post-35541","1":"product","2":"type-product","3":"status-publish","4":"has-post-thumbnail","6":"product_cat-nowosci","7":"product_cat-place-zabaw","8":"product_cat-piaskownice","9":"description-off","11":"first","12":"instock","13":"shipping-taxable","14":"purchasable","15":"product-type-simple"},"_links":{"self":[{"href":"https:\/\/muller.com.pl\/en\/wp-json\/wp\/v2\/product\/35541","targetHints":{"allow":["GET"]}}],"collection":[{"href":"https:\/\/muller.com.pl\/en\/wp-json\/wp\/v2\/product"}],"about":[{"href":"https:\/\/muller.com.pl\/en\/wp-json\/wp\/v2\/types\/product"}],"replies":[{"embeddable":true,"href":"https:\/\/muller.com.pl\/en\/wp-json\/wp\/v2\/comments?post=35541"}],"wp:featuredmedia":[{"embeddable":true,"href":"https:\/\/muller.com.pl\/en\/wp-json\/wp\/v2\/media\/35546"}],"wp:attachment":[{"href":"https:\/\/muller.com.pl\/en\/wp-json\/wp\/v2\/media?parent=35541"}],"wp:term":[{"taxonomy":"product_brand","embeddable":true,"href":"https:\/\/muller.com.pl\/en\/wp-json\/wp\/v2\/product_brand?post=35541"},{"taxonomy":"product_cat","embeddable":true,"href":"https:\/\/muller.com.pl\/en\/wp-json\/wp\/v2\/product_cat?post=35541"},{"taxonomy":"product_tag","embeddable":true,"href":"https:\/\/muller.com.pl\/en\/wp-json\/wp\/v2\/product_tag?post=35541"}],"curies":[{"name":"wp","href":"https:\/\/api.w.org\/{rel}","templated":true}]}}