{"id":35569,"date":"2026-04-16T07:46:42","date_gmt":"2026-04-16T07:46:42","guid":{"rendered":"https:\/\/muller.com.pl\/?post_type=product&#038;p=35569"},"modified":"2026-04-16T07:58:48","modified_gmt":"2026-04-16T07:58:48","slug":"zjazd-linowy-nierdzewny","status":"publish","type":"product","link":"https:\/\/muller.com.pl\/en\/przejazdy-szynowe\/zjazd-linowy-nierdzewny","title":{"rendered":"Zjazd linowy nierdzewny"},"content":{"rendered":"<h4>Urz\u0105dzenie Zjazd linowy:<\/h4>\n<ul>\n<li>Urz\u0105dzenie wykonane z profilu nierdzewnego 100x100x3mm, 70x70x3mm, 40x20x2mm,<\/li>\n<li>Lina stalowa o \u015brednicy \u00d810mm,<\/li>\n<li>W\u00f3zek z siedziskiem gumowym, poruszaj\u0105cy si\u0119 po linie przejazdu, jest wyposa\u017cony w mechanizm hamuj\u0105cy, zwalniany pod ci\u0119\u017carem u\u017cytkownika<\/li>\n<li>Podest z trapem wykonane z antypo\u015blizgowej sklejki wodoodpornej o grubo\u015bci 21mm,<\/li>\n<li>Urz\u0105dzenie wyposa\u017cone w mechanizm pozwalaj\u0105cy na regulacj\u0119 stopnia napi\u0119cia liny zjazdowej,<\/li>\n<li>Urz\u0105dzenie certyfikowane w systemie akredytowanym PCA (Polskie Centrum Akredytacji);<\/li>\n<li>Monta\u017c zestawu z u\u017cyciem prefabrykowanych fundament\u00f3w wykonanych z betonu C25\/30;<\/li>\n<li>Wymiary urz\u0105dzenia (d\u0142. x szer. x wys.): 23,19 x 4,76 x 3,62 m;<\/li>\n<li>Wymiary strefy zderzenia (d\u0142. x szer.): 25,05 x 4,00 m;<\/li>\n<li>Maksymalna wysoko\u015b\u0107 swobodnego upadku: 1,27 m;<\/li>\n<li>Mo\u017cliwa tolerancja wymiar\u00f3w (+\/- 3%).<\/li>\n<\/ul>\n<h4>Dopuszczalna nawierzchnia amortyzuj\u0105ca:<\/h4>\n<ul>\n<li>Kora \u2013 ziarno 20 do 80 mm, grubo\u015b\u0107 min. 200mm,<\/li>\n<li>Wi\u00f3ry \u2013 ziarno 5 do 30 mm, grubo\u015b\u0107 min. 200mm,<\/li>\n<li>Piasek \u2013 ziarno 0,2 do 2 mm, grubo\u015b\u0107 min. 200mm,<\/li>\n<li>\u017bwir \u2013 ziarno 2 do 8 mm, grubo\u015b\u0107 min. 200 mm,<\/li>\n<li>Nawierzchnie syntetyczne o wymaganych w\u0142a\u015bciwo\u015bciach amortyzuj\u0105cych.<\/li>\n<\/ul>\n","protected":false},"excerpt":{"rendered":"<p>Urz\u0105dzenie Zjazd linowy: Urz\u0105dzenie wykonane z profilu nierdzewnego 100x100x3mm, 70x70x3mm, 40x20x2mm, Lina stalowa o \u015brednicy \u00d810mm, W\u00f3zek z siedziskiem gumowym, poruszaj\u0105cy si\u0119 po linie przejazdu, jest wyposa\u017cony w mechanizm hamuj\u0105cy, zwalniany pod ci\u0119\u017carem u\u017cytkownika Podest z trapem wykonane z antypo\u015blizgowej sklejki wodoodpornej o grubo\u015bci 21mm, Urz\u0105dzenie wyposa\u017cone w mechanizm pozwalaj\u0105cy na regulacj\u0119 stopnia napi\u0119cia liny&hellip;<\/p>\n","protected":false},"featured_media":35572,"comment_status":"open","ping_status":"closed","template":"","meta":{"slim_seo":{"title":"Zjazd linowy nierdzewny - Muller","description":"Urz\u0105dzenie Zjazd linowy: Urz\u0105dzenie wykonane z profilu nierdzewnego 100x100x3mm, 70x70x3mm, 40x20x2mm, Lina stalowa o \u015brednicy \u00d810mm, W\u00f3zek z siedziskiem gumowy"}},"product_brand":[],"product_cat":[15],"product_tag":[],"class_list":{"0":"post-35569","1":"product","2":"type-product","3":"status-publish","4":"has-post-thumbnail","6":"product_cat-przejazdy-szynowe","7":"description-off","9":"first","10":"instock","11":"purchasable","12":"product-type-simple"},"_links":{"self":[{"href":"https:\/\/muller.com.pl\/en\/wp-json\/wp\/v2\/product\/35569","targetHints":{"allow":["GET"]}}],"collection":[{"href":"https:\/\/muller.com.pl\/en\/wp-json\/wp\/v2\/product"}],"about":[{"href":"https:\/\/muller.com.pl\/en\/wp-json\/wp\/v2\/types\/product"}],"replies":[{"embeddable":true,"href":"https:\/\/muller.com.pl\/en\/wp-json\/wp\/v2\/comments?post=35569"}],"wp:featuredmedia":[{"embeddable":true,"href":"https:\/\/muller.com.pl\/en\/wp-json\/wp\/v2\/media\/35572"}],"wp:attachment":[{"href":"https:\/\/muller.com.pl\/en\/wp-json\/wp\/v2\/media?parent=35569"}],"wp:term":[{"taxonomy":"product_brand","embeddable":true,"href":"https:\/\/muller.com.pl\/en\/wp-json\/wp\/v2\/product_brand?post=35569"},{"taxonomy":"product_cat","embeddable":true,"href":"https:\/\/muller.com.pl\/en\/wp-json\/wp\/v2\/product_cat?post=35569"},{"taxonomy":"product_tag","embeddable":true,"href":"https:\/\/muller.com.pl\/en\/wp-json\/wp\/v2\/product_tag?post=35569"}],"curies":[{"name":"wp","href":"https:\/\/api.w.org\/{rel}","templated":true}]}}