{"id":35577,"date":"2026-04-16T10:36:48","date_gmt":"2026-04-16T10:36:48","guid":{"rendered":"https:\/\/muller.com.pl\/?post_type=product&#038;p=35577"},"modified":"2026-04-16T10:57:36","modified_gmt":"2026-04-16T10:57:36","slug":"zestaw-avenir-18","status":"publish","type":"product","link":"https:\/\/muller.com.pl\/en\/seria-avenir\/zestaw-avenir-18","title":{"rendered":"Zestaw Avenir 18"},"content":{"rendered":"<h4>Zestaw Avenir 18<\/h4>\n<ul>\n<li>Konstrukcja stalowa wykonana z rury stalowej \u00d848,3&#215;2,9mm.<\/li>\n<li>Elementy powierzchniowe wykonane z p\u0142yty HPL o grubo\u015bci 8mm.<\/li>\n<li>P\u0142yty boczne zdobione wielobarwnymi nadrukami z u\u017cyciem minimum 3 kolor\u00f3w, odpornymi na warunki atmosferyczne i promieniowanie UV.<\/li>\n<li>Zje\u017cd\u017calnia z blachy chromowej, frezowanej p\u0142yty HDPE o grubo\u015bci 19mm lub frezowanej p\u0142yty HPL o grubo\u015bci 10mm.<\/li>\n<li>Podest wykonany z antypo\u015blizgowej sklejki wodoodpornej o grubo\u015bci 21mm,<\/li>\n<li>Elementy linowe wykonane z liny zbrojonej \u00d816mm.<\/li>\n<li>Rury konstrukcyjne \u0142\u0105czone za pomoc\u0105 systemu wytrzyma\u0142ych \u0142\u0105cznik\u00f3w, wykonanych z wysokiej jako\u015bci tworzywa sztucznego.<\/li>\n<li>Urz\u0105dzenie certyfikowane w systemie akredytowanym PCA (Polskie Centrum Akredytacji).<\/li>\n<li>Wszystkie elementy stalowe ocynkowane ogniowo (pow\u0142oka cynkowa o grubo\u015bci min. 100 \u00b5m) oraz malowane proszkowo;<\/li>\n<li>Monta\u017c zestawu z u\u017cyciem prefabrykowanych fundament\u00f3w wykonanych z betonu C25\/30;+<\/li>\n<li>Mo\u017cliwa tolerancja wymiar\u00f3w (+\/- 3%).<\/li>\n<\/ul>\n<h4>Lista modul\u00f3w<\/h4>\n<ul>\n<li>Wie\u017ca kwadratowa o wys. podestu 0,15 m.- 5szt<\/li>\n<li>Wie\u017ca kwadratowa o wys. podestu 0,55 m.- 3szt<\/li>\n<li>Wie\u017ca kwadratowa o wys. podestu 0,95 m.- 3szt<\/li>\n<li>Wie\u017ca tr\u00f3jk\u0105tna o wys. podestu 0,15 m.- 4szt<\/li>\n<li>Tunel o d\u0142. 1,32 m. wys. 0,15 m.- 1szt<\/li>\n<li>Most linowy ze stopnicami o d\u0142. 1,32 m. wys. 0,15 m &#8211; 1szt<\/li>\n<li>Most linowy o d\u0142. 1,32 m. wys. 0,15 m. &#8211; 2szt<\/li>\n<li>Most linowy g\u0119sty o d\u0142. 1,32 m. wys. 0,15 m.- 1szt<\/li>\n<li>Most linowy g\u0119sty o d\u0142. 1,32 m. wys. 0,55 m.- 1szt<\/li>\n<li>Most k\u0142adka linowa o d\u0142. 1,32 m. wys. 0,15 m.- 1szt<\/li>\n<li>Most k\u0142adka linowa o d\u0142. 1,32 m. wys. 0,95 m.- 1szt<\/li>\n<li>Most r\u00f3wnowa\u017cnia linowa o d\u0142. 1,32 m. wys. 0,55 m.- 1szt<\/li>\n<li>Przej\u015bcie poziome na r\u0119kach o d\u0142. 1,32 m.- 3szt<\/li>\n<li>Przej\u015bcie skoczki o d\u0142. 1,32 m. wys. 0,15 m.- 2szt<\/li>\n<li>Przej\u015bcie skoczki o d\u0142. 1,32 m. wys. 0,55 m.- 1szt<\/li>\n<li>Most linowy gesty skos o d\u0142. 0,66 m. i wys. 0,15-0,55 m.- 3szt<\/li>\n<li>Pomost sko\u015bny o d\u0142. 0,66 m. i wys. 0,15-0,55 m.- 2szt<\/li>\n<li>Wej\u015bcie trap wys. 0,55 m. &#8211; 3szt.<\/li>\n<li>Wej\u015bcie drabinka linowa wys. 0,95 m. &#8211; 1szt.<\/li>\n<li>Wej\u015bcie \u015bcianka wspinaczkowa skos wys. 0,95 m. &#8211; 1 szt.<\/li>\n<li>\u015acianka slalom &#8211; 5 szt.<\/li>\n<li>\u015acianka wspinaczkowo-szczeblowa &#8211; 1 szt.<\/li>\n<\/ul>\n","protected":false},"excerpt":{"rendered":"<p>Zestaw Avenir 18 Konstrukcja stalowa wykonana z rury stalowej \u00d848,3&#215;2,9mm. Elementy powierzchniowe wykonane z p\u0142yty HPL o grubo\u015bci 8mm. P\u0142yty boczne zdobione wielobarwnymi nadrukami z u\u017cyciem minimum 3 kolor\u00f3w, odpornymi na warunki atmosferyczne i promieniowanie UV. Zje\u017cd\u017calnia z blachy chromowej, frezowanej p\u0142yty HDPE o grubo\u015bci 19mm lub frezowanej p\u0142yty HPL o grubo\u015bci 10mm. Podest wykonany&hellip;<\/p>\n","protected":false},"featured_media":35584,"comment_status":"closed","ping_status":"closed","template":"","meta":{"slim_seo":{"title":"Zestaw Avenir 18 - Muller","description":"Zestaw Avenir 18 Konstrukcja stalowa wykonana z rury stalowej \u00d848,3x2,9mm. Elementy powierzchniowe wykonane z p\u0142yty HPL o grubo\u015bci 8mm. P\u0142yty boczne zdobione wi"}},"product_brand":[],"product_cat":[172,586,1097,117],"product_tag":[],"class_list":{"0":"post-35577","1":"product","2":"type-product","3":"status-publish","4":"has-post-thumbnail","6":"product_cat-zestawy-avenir","7":"product_cat-nowosci","8":"product_cat-seria-avenir","9":"product_cat-place-zabaw","10":"description-off","12":"first","13":"instock","14":"shipping-taxable","15":"purchasable","16":"product-type-simple"},"_links":{"self":[{"href":"https:\/\/muller.com.pl\/en\/wp-json\/wp\/v2\/product\/35577","targetHints":{"allow":["GET"]}}],"collection":[{"href":"https:\/\/muller.com.pl\/en\/wp-json\/wp\/v2\/product"}],"about":[{"href":"https:\/\/muller.com.pl\/en\/wp-json\/wp\/v2\/types\/product"}],"replies":[{"embeddable":true,"href":"https:\/\/muller.com.pl\/en\/wp-json\/wp\/v2\/comments?post=35577"}],"wp:featuredmedia":[{"embeddable":true,"href":"https:\/\/muller.com.pl\/en\/wp-json\/wp\/v2\/media\/35584"}],"wp:attachment":[{"href":"https:\/\/muller.com.pl\/en\/wp-json\/wp\/v2\/media?parent=35577"}],"wp:term":[{"taxonomy":"product_brand","embeddable":true,"href":"https:\/\/muller.com.pl\/en\/wp-json\/wp\/v2\/product_brand?post=35577"},{"taxonomy":"product_cat","embeddable":true,"href":"https:\/\/muller.com.pl\/en\/wp-json\/wp\/v2\/product_cat?post=35577"},{"taxonomy":"product_tag","embeddable":true,"href":"https:\/\/muller.com.pl\/en\/wp-json\/wp\/v2\/product_tag?post=35577"}],"curies":[{"name":"wp","href":"https:\/\/api.w.org\/{rel}","templated":true}]}}