{"id":35686,"date":"2026-04-22T11:51:47","date_gmt":"2026-04-22T11:51:47","guid":{"rendered":"https:\/\/muller.com.pl\/?post_type=product&#038;p=35686"},"modified":"2026-04-22T11:51:47","modified_gmt":"2026-04-22T11:51:47","slug":"hustawka-stojaca","status":"publish","type":"product","link":"https:\/\/muller.com.pl\/en\/nowosci\/hustawka-stojaca","title":{"rendered":"Hu\u015btawka stoj\u0105ca"},"content":{"rendered":"<h4>Hu\u015btawka stoj\u0105ca<\/h4>\n<ul>\n<li>Konstrukcja urz\u0105dzenia wykonana z rury \u00d848,3&#215;2,9mm oraz profilu stalowego 80x40x3mm,<\/li>\n<li>Elementy powierzchniowe wykonane z antypo\u015blizgowej p\u0142yty HPL o grubo\u015bci min 10mm,<\/li>\n<li>Urz\u0105dzenie posiada odbojniki gumowe zapobiegaj\u0105ce uszkodzeniu nawierzchni,<\/li>\n<li>Urz\u0105dzenie wyposa\u017cone w 2 spr\u0119\u017cyny o \u015brednicy 200 mm wykonanych z pr\u0119ta o \u015brednicy 20 mm,<\/li>\n<li>Wszystkie elementy stalowe ocynkowane ogniowo (pow\u0142oka cynkowa o grubo\u015bci min. 100 \u00b5m) i dodatkowo malowane proszkowo.<\/li>\n<li>Urz\u0105dzenie certyfikowane w systemie akredytowanym PCA (Polskie Centrum Akredytacji),<\/li>\n<li>Monta\u017c urz\u0105dzenia z u\u017cyciem prefabrykowanych fundament\u00f3w wykonanych z betonu C25\/30.<\/li>\n<li>Wymiary urz\u0105dzenia (d\u0142. x szer. x wys.): 2,26 x 0,50 x 1,48 m ;<\/li>\n<li>Wymiary strefy zderzenia (d\u0142. x szer.): 4,32 x 2,50 m;<\/li>\n<li>Maksymalna wysoko\u015b\u0107 swobodnego upadku: 0,80 m;<\/li>\n<li>Mo\u017cliwa tolerancja wymiar\u00f3w (+\/- 3%).<\/li>\n<\/ul>\n","protected":false},"excerpt":{"rendered":"<p>Hu\u015btawka stoj\u0105ca Konstrukcja urz\u0105dzenia wykonana z rury \u00d848,3&#215;2,9mm oraz profilu stalowego 80x40x3mm, Elementy powierzchniowe wykonane z antypo\u015blizgowej p\u0142yty HPL o grubo\u015bci min 10mm, Urz\u0105dzenie posiada odbojniki gumowe zapobiegaj\u0105ce uszkodzeniu nawierzchni, Urz\u0105dzenie wyposa\u017cone w 2 spr\u0119\u017cyny o \u015brednicy 200 mm wykonanych z pr\u0119ta o \u015brednicy 20 mm, Wszystkie elementy stalowe ocynkowane ogniowo (pow\u0142oka cynkowa o grubo\u015bci&hellip;<\/p>\n","protected":false},"featured_media":35691,"comment_status":"closed","ping_status":"closed","template":"","meta":{"slim_seo":{"title":"Hu\u015btawka stoj\u0105ca - Muller","description":"Hu\u015btawka stoj\u0105ca Konstrukcja urz\u0105dzenia wykonana z rury \u00d848,3x2,9mm oraz profilu stalowego 80x40x3mm, Elementy powierzchniowe wykonane z antypo\u015blizgowej p\u0142yty H"}},"product_brand":[],"product_cat":[586,164],"product_tag":[],"class_list":{"0":"post-35686","1":"product","2":"type-product","3":"status-publish","4":"has-post-thumbnail","6":"product_cat-nowosci","7":"product_cat-hustawki-wagowe","8":"description-off","10":"first","11":"instock","12":"shipping-taxable","13":"purchasable","14":"product-type-simple"},"_links":{"self":[{"href":"https:\/\/muller.com.pl\/en\/wp-json\/wp\/v2\/product\/35686","targetHints":{"allow":["GET"]}}],"collection":[{"href":"https:\/\/muller.com.pl\/en\/wp-json\/wp\/v2\/product"}],"about":[{"href":"https:\/\/muller.com.pl\/en\/wp-json\/wp\/v2\/types\/product"}],"replies":[{"embeddable":true,"href":"https:\/\/muller.com.pl\/en\/wp-json\/wp\/v2\/comments?post=35686"}],"wp:featuredmedia":[{"embeddable":true,"href":"https:\/\/muller.com.pl\/en\/wp-json\/wp\/v2\/media\/35691"}],"wp:attachment":[{"href":"https:\/\/muller.com.pl\/en\/wp-json\/wp\/v2\/media?parent=35686"}],"wp:term":[{"taxonomy":"product_brand","embeddable":true,"href":"https:\/\/muller.com.pl\/en\/wp-json\/wp\/v2\/product_brand?post=35686"},{"taxonomy":"product_cat","embeddable":true,"href":"https:\/\/muller.com.pl\/en\/wp-json\/wp\/v2\/product_cat?post=35686"},{"taxonomy":"product_tag","embeddable":true,"href":"https:\/\/muller.com.pl\/en\/wp-json\/wp\/v2\/product_tag?post=35686"}],"curies":[{"name":"wp","href":"https:\/\/api.w.org\/{rel}","templated":true}]}}