{"id":35882,"date":"2026-05-12T09:44:44","date_gmt":"2026-05-12T09:44:44","guid":{"rendered":"https:\/\/muller.com.pl\/?post_type=product&#038;p=35882"},"modified":"2026-05-12T09:47:23","modified_gmt":"2026-05-12T09:47:23","slug":"kosz-na-smieci-oslo","status":"publish","type":"product","link":"https:\/\/muller.com.pl\/en\/kosz-na-smieci\/kosz-na-smieci-oslo","title":{"rendered":"KOSZ NA \u015aMIECI OSLO"},"content":{"rendered":"<h4><strong>KOSZ NA \u015aMIECI OSLO<\/strong><\/h4>\n<ul>\n<li>Konstrukcja urz\u0105dzenia wykonana z blachy o grubo\u015bci 3mm.<\/li>\n<li>Urz\u0105dzenie wyposa\u017cone we wk\u0142ad o pojemno\u015bci 55dm<sup>3<\/sup> z blachy stalowej ocynkowanej o grubo\u015bci min. 0,7mm.<\/li>\n<li>\u015amietnik zamykany na zamek uniwersalny.<\/li>\n<li>Wszystkie elementy stalowe ocynkowane ogniowo (pow\u0142oka cynkowa o grubo\u015bci min. 100 \u00b5m) i dodatkowo malowane proszkowo.<\/li>\n<li>Monta\u017c urz\u0105dzenia z u\u017cyciem prefabrykowanych fundament\u00f3w wykonanych z betonu C25\/30.<\/li>\n<li>Wymiary urz\u0105dzenia (d\u0142. x szer. x wys.): 0,50 x 0,39 x 1,06 m ;<\/li>\n<li>Mo\u017cliwa tolerancja wymiar\u00f3w (+\/- 3%).<\/li>\n<\/ul>\n","protected":false},"excerpt":{"rendered":"<p>KOSZ NA \u015aMIECI OSLO Konstrukcja urz\u0105dzenia wykonana z blachy o grubo\u015bci 3mm. Urz\u0105dzenie wyposa\u017cone we wk\u0142ad o pojemno\u015bci 55dm3 z blachy stalowej ocynkowanej o grubo\u015bci min. 0,7mm. \u015amietnik zamykany na zamek uniwersalny. Wszystkie elementy stalowe ocynkowane ogniowo (pow\u0142oka cynkowa o grubo\u015bci min. 100 \u00b5m) i dodatkowo malowane proszkowo. Monta\u017c urz\u0105dzenia z u\u017cyciem prefabrykowanych fundament\u00f3w wykonanych&hellip;<\/p>\n","protected":false},"featured_media":35870,"comment_status":"closed","ping_status":"closed","template":"","meta":{"slim_seo":{"title":"KOSZ NA \u015aMIECI OSLO - Muller","description":"KOSZ NA \u015aMIECI OSLO Konstrukcja urz\u0105dzenia wykonana z blachy o grubo\u015bci 3mm. Urz\u0105dzenie wyposa\u017cone we wk\u0142ad o pojemno\u015bci 55dm 3 z blachy stalowej ocynkowanej o"}},"product_brand":[],"product_cat":[586,1208,123],"product_tag":[],"class_list":{"0":"post-35882","1":"product","2":"type-product","3":"status-publish","4":"has-post-thumbnail","6":"product_cat-nowosci","7":"product_cat-kosz-na-smieci","8":"product_cat-mala-architektura","9":"description-off","11":"first","12":"instock","13":"shipping-taxable","14":"purchasable","15":"product-type-simple"},"_links":{"self":[{"href":"https:\/\/muller.com.pl\/en\/wp-json\/wp\/v2\/product\/35882","targetHints":{"allow":["GET"]}}],"collection":[{"href":"https:\/\/muller.com.pl\/en\/wp-json\/wp\/v2\/product"}],"about":[{"href":"https:\/\/muller.com.pl\/en\/wp-json\/wp\/v2\/types\/product"}],"replies":[{"embeddable":true,"href":"https:\/\/muller.com.pl\/en\/wp-json\/wp\/v2\/comments?post=35882"}],"wp:featuredmedia":[{"embeddable":true,"href":"https:\/\/muller.com.pl\/en\/wp-json\/wp\/v2\/media\/35870"}],"wp:attachment":[{"href":"https:\/\/muller.com.pl\/en\/wp-json\/wp\/v2\/media?parent=35882"}],"wp:term":[{"taxonomy":"product_brand","embeddable":true,"href":"https:\/\/muller.com.pl\/en\/wp-json\/wp\/v2\/product_brand?post=35882"},{"taxonomy":"product_cat","embeddable":true,"href":"https:\/\/muller.com.pl\/en\/wp-json\/wp\/v2\/product_cat?post=35882"},{"taxonomy":"product_tag","embeddable":true,"href":"https:\/\/muller.com.pl\/en\/wp-json\/wp\/v2\/product_tag?post=35882"}],"curies":[{"name":"wp","href":"https:\/\/api.w.org\/{rel}","templated":true}]}}