{"id":35891,"date":"2026-05-13T09:29:08","date_gmt":"2026-05-13T09:29:08","guid":{"rendered":"https:\/\/muller.com.pl\/?post_type=product&#038;p=35891"},"modified":"2026-05-13T09:29:08","modified_gmt":"2026-05-13T09:29:08","slug":"zestaw-sprawnosciowy-2","status":"publish","type":"product","link":"https:\/\/muller.com.pl\/en\/brand-new\/zestaw-sprawnosciowy-2","title":{"rendered":"Zestaw sprawno\u015bciowy 2"},"content":{"rendered":"<p><strong>ZESTAW SPRAWNO\u015aCIOWY 2<\/strong><\/p>\n<ul>\n<li>Urz\u0105dzenie sk\u0142ada si\u0119 z: p\u00f3\u0142kolistego podestu o \u015brednicy 1m i wys. 1,93m z podw\u00f3jn\u0105 rur\u0105 zjazdow\u0105; p\u00f3\u0142kolistego podestu o \u015brednicy 1m i wys. 0,93m z podw\u00f3jn\u0105 rura zjazdow\u0105; podw\u00f3jnej \u015bcianki linowej w kszta\u0142cie litery L; linki wspinaczkowej z talerzykami; drabinki linowej ze szczeblami; \u015bcianki wspinaczkowej z uchwytami; \u0142ukowej drabinki stalowej oraz \u0142ukowej drabinki poziomej.<\/li>\n<li>Konstrukcja no\u015bna wykonana z rur okr\u0105g\u0142ych ze stali nierdzewnej o \u015brednicy 60 m;<\/li>\n<li>Konstrukcja no\u015bna nie jest spawana, lecz usztywniona atestowanymi \u0142\u0105cznikami kulowymi o \u015brednicy 200mm, wykonanymi z tworzywa sztucznego o bardzo wysokiej jako\u015bci;<\/li>\n<li>Podesty wykonane ze antypo\u015blizgowej sklejki wodoodpornej grubo\u015bci 21mm;<\/li>\n<li>P\u0142yta wspinaczkowa wykonana z p\u0142yty HDPE grubo\u015bci 8mm;<\/li>\n<li>Uchwyty wspinaczkowe wykonane z \u017cywicy;<\/li>\n<li>Liny \u00d816 polipropylenowe, z rdzeniem stalowym;<\/li>\n<li>Urz\u0105dzenie certyfikowane w systemie akredytowanym PCA (Polskie Centrum Akredytacji);<\/li>\n<li>Monta\u017c zestawu z u\u017cyciem prefabrykowanych fundament\u00f3w wykonanych z betonu C25\/30;<\/li>\n<li>Wymiary urz\u0105dzenia (d\u0142. x szer. x wys.): 6,73 x 3,84 x 3,01 m;<\/li>\n<li>Wymiary strefy zderzenia (d\u0142. x szer.): 10,39 x 7,52 m;<\/li>\n<li>Maksymalna wysoko\u015b\u0107 swobodnego upadku: 2,00 m;<\/li>\n<li>Mo\u017cliwa tolerancja wymiar\u00f3w (+\/- 3%).<\/li>\n<\/ul>\n","protected":false},"excerpt":{"rendered":"<p>ZESTAW SPRAWNO\u015aCIOWY 2 Urz\u0105dzenie sk\u0142ada si\u0119 z: p\u00f3\u0142kolistego podestu o \u015brednicy 1m i wys. 1,93m z podw\u00f3jn\u0105 rur\u0105 zjazdow\u0105; p\u00f3\u0142kolistego podestu o \u015brednicy 1m i wys. 0,93m z podw\u00f3jn\u0105 rura zjazdow\u0105; podw\u00f3jnej \u015bcianki linowej w kszta\u0142cie litery L; linki wspinaczkowej z talerzykami; drabinki linowej ze szczeblami; \u015bcianki wspinaczkowej z uchwytami; \u0142ukowej drabinki stalowej oraz \u0142ukowej&hellip;<\/p>\n","protected":false},"featured_media":35896,"comment_status":"closed","ping_status":"closed","template":"","meta":{"slim_seo":{"title":"Zestaw sprawno\u015bciowy 2 - Muller","description":"ZESTAW SPRAWNO\u015aCIOWY 2 Urz\u0105dzenie sk\u0142ada si\u0119 z: p\u00f3\u0142kolistego podestu o \u015brednicy 1m i wys. 1,93m z podw\u00f3jn\u0105 rur\u0105 zjazdow\u0105; p\u00f3\u0142kolistego podestu o \u015brednicy 1m i w"}},"product_brand":[],"product_cat":[586,117,7],"product_tag":[],"class_list":{"0":"post-35891","1":"product","2":"type-product","3":"status-publish","4":"has-post-thumbnail","6":"product_cat-nowosci","7":"product_cat-place-zabaw","8":"product_cat-urzadzenia-sprawnosciowe","9":"description-off","11":"first","12":"instock","13":"shipping-taxable","14":"purchasable","15":"product-type-simple"},"_links":{"self":[{"href":"https:\/\/muller.com.pl\/en\/wp-json\/wp\/v2\/product\/35891","targetHints":{"allow":["GET"]}}],"collection":[{"href":"https:\/\/muller.com.pl\/en\/wp-json\/wp\/v2\/product"}],"about":[{"href":"https:\/\/muller.com.pl\/en\/wp-json\/wp\/v2\/types\/product"}],"replies":[{"embeddable":true,"href":"https:\/\/muller.com.pl\/en\/wp-json\/wp\/v2\/comments?post=35891"}],"wp:featuredmedia":[{"embeddable":true,"href":"https:\/\/muller.com.pl\/en\/wp-json\/wp\/v2\/media\/35896"}],"wp:attachment":[{"href":"https:\/\/muller.com.pl\/en\/wp-json\/wp\/v2\/media?parent=35891"}],"wp:term":[{"taxonomy":"product_brand","embeddable":true,"href":"https:\/\/muller.com.pl\/en\/wp-json\/wp\/v2\/product_brand?post=35891"},{"taxonomy":"product_cat","embeddable":true,"href":"https:\/\/muller.com.pl\/en\/wp-json\/wp\/v2\/product_cat?post=35891"},{"taxonomy":"product_tag","embeddable":true,"href":"https:\/\/muller.com.pl\/en\/wp-json\/wp\/v2\/product_tag?post=35891"}],"curies":[{"name":"wp","href":"https:\/\/api.w.org\/{rel}","templated":true}]}}