{"id":787,"date":"2016-01-12T23:00:00","date_gmt":"2016-01-12T23:00:00","guid":{"rendered":"https:\/\/muller.com.pl\/koparka"},"modified":"2025-04-04T10:57:17","modified_gmt":"2025-04-04T10:57:17","slug":"koparka","status":"publish","type":"product","link":"https:\/\/muller.com.pl\/en\/piaskownice\/koparka","title":{"rendered":"Koparka"},"content":{"rendered":"<h3>Urz\u0105dzenie zabawowe Koparka<\/h3>\n<ul>\n<li>Urz\u0105dzenie do monta\u017cu w polu piaskowym, wyposa\u017cone w mechanizm obrotowy i podnosz\u0105cy \u0142y\u017ck\u0119<\/li>\n<li>Rama koparki wykonana z: rury stalowej (\u00d8133x4mm, \u00d838&#215;2,9mm), blachy stalowej (5mm)<\/li>\n<li>Ramiona koparki wykonane z rury, ze stali nierdzewnej \u00d830x2mm<\/li>\n<li>Siedzisko wykonane z p\u0142yty HDPE o grubo\u015bci 19mm<\/li>\n<li>Wszystkie elementy stalowe urz\u0105dzenia (poza nierdzewnymi)\u00a0cynkowane ogniowo i dodatkowo malowane lakierem akrylowym strukturalnym,<\/li>\n<li>W komplecie znajduj\u0105 si\u0119 fundamenty wykonane z betonu B30, u\u0142atwiaj\u0105ce monta\u017c<\/li>\n<\/ul>\n<h3>Dopuszczalna nawierzchnia amortyzuj\u0105ca<\/h3>\n<ul>\n<li>Kora \u2013 ziarno 20 do 80 mm, grubo\u015b\u0107 min. 200mm<\/li>\n<li>Wi\u00f3ry \u2013 ziarno 5 do 30 mm, grubo\u015b\u0107 min. 200mm<\/li>\n<li>Piasek \u2013 ziarno 0,2 do 2 mm, grubo\u015b\u0107 min. 200mm<\/li>\n<li>\u017bwir \u2013 ziarno 2 do 8 mm, grubo\u015b\u0107 min. 200 mm<\/li>\n<li>Nawierzchnie syntetyczne o wymaganych w\u0142a\u015bciwo\u015bciach amortyzuj\u0105cych<\/li>\n<\/ul>\n","protected":false},"excerpt":{"rendered":"<p>Urz\u0105dzenie zabawowe Koparka Urz\u0105dzenie do monta\u017cu w polu piaskowym, wyposa\u017cone w mechanizm obrotowy i podnosz\u0105cy \u0142y\u017ck\u0119 Rama koparki wykonana z: rury stalowej (\u00d8133x4mm, \u00d838&#215;2,9mm), blachy stalowej (5mm) Ramiona koparki wykonane z rury, ze stali nierdzewnej \u00d830x2mm Siedzisko wykonane z p\u0142yty HDPE o grubo\u015bci 19mm Wszystkie elementy stalowe urz\u0105dzenia (poza nierdzewnymi)\u00a0cynkowane ogniowo i dodatkowo malowane lakierem&hellip;<\/p>\n","protected":false},"featured_media":3946,"comment_status":"open","ping_status":"closed","template":"","meta":{"slim_seo":{"title":"Koparka - Muller","description":"Urz\u0105dzenie zabawowe Koparka Urz\u0105dzenie do monta\u017cu w polu piaskowym, wyposa\u017cone w mechanizm obrotowy i podnosz\u0105cy \u0142y\u017ck\u0119 Rama koparki wykonana z: rury stalowej (\u00d8"}},"product_brand":[],"product_cat":[17],"product_tag":[],"class_list":{"0":"post-787","1":"product","2":"type-product","3":"status-publish","4":"has-post-thumbnail","6":"product_cat-piaskownice","7":"description-off","9":"first","10":"instock","11":"purchasable","12":"product-type-simple"},"_links":{"self":[{"href":"https:\/\/muller.com.pl\/en\/wp-json\/wp\/v2\/product\/787","targetHints":{"allow":["GET"]}}],"collection":[{"href":"https:\/\/muller.com.pl\/en\/wp-json\/wp\/v2\/product"}],"about":[{"href":"https:\/\/muller.com.pl\/en\/wp-json\/wp\/v2\/types\/product"}],"replies":[{"embeddable":true,"href":"https:\/\/muller.com.pl\/en\/wp-json\/wp\/v2\/comments?post=787"}],"wp:featuredmedia":[{"embeddable":true,"href":"https:\/\/muller.com.pl\/en\/wp-json\/wp\/v2\/media\/3946"}],"wp:attachment":[{"href":"https:\/\/muller.com.pl\/en\/wp-json\/wp\/v2\/media?parent=787"}],"wp:term":[{"taxonomy":"product_brand","embeddable":true,"href":"https:\/\/muller.com.pl\/en\/wp-json\/wp\/v2\/product_brand?post=787"},{"taxonomy":"product_cat","embeddable":true,"href":"https:\/\/muller.com.pl\/en\/wp-json\/wp\/v2\/product_cat?post=787"},{"taxonomy":"product_tag","embeddable":true,"href":"https:\/\/muller.com.pl\/en\/wp-json\/wp\/v2\/product_tag?post=787"}],"curies":[{"name":"wp","href":"https:\/\/api.w.org\/{rel}","templated":true}]}}