{"id":988,"date":"2019-08-06T09:51:39","date_gmt":"2019-08-06T09:51:39","guid":{"rendered":"https:\/\/muller.com.pl\/street-workout-31-2"},"modified":"2024-10-02T12:33:14","modified_gmt":"2024-10-02T12:33:14","slug":"street-workout-31-2","status":"publish","type":"product","link":"https:\/\/muller.com.pl\/en\/zestawy-street-workout\/street-workout-31-2","title":{"rendered":"Street workout 31"},"content":{"rendered":"<h3>Urz\u0105dzenie Street Workout 31<\/h3>\n<ul>\n<li>Wszystkie s\u0142upy wykonane z profilu zamkni\u0119tego 100x100x3mm,<\/li>\n<li>Dr\u0105\u017cki oraz drabinka pionowa wykonane z rury \u00f833,7x4mm,<\/li>\n<li>Drabinka pozioma wykonana z rury \u00d838x4mm oraz \u00d833,7x4mm,<\/li>\n<li>Wszystkie elementy stalowe urz\u0105dzenia zabezpieczona antykorozyjnie i dodatkowo malowane lakierem akrylowym strukturalnym,<\/li>\n<li>W komplecie znajduj\u0105 si\u0119 fundamenty wykonane z betonu, u\u0142atwiaj\u0105ce monta\u017c.<\/li>\n<\/ul>\n<h3>Cz\u0119\u015bci sk\u0142adowe zestawu:<\/h3>\n<ul>\n<li>Drabinka pionowa \u2013 1szt.<\/li>\n<li>Drabinka pozioma \u2013 1szt.<\/li>\n<li>Dr\u0105\u017cek pionowy \u2013 1szt.<\/li>\n<li>Dr\u0105\u017cki do podci\u0105gania \u2013 9szt.<\/li>\n<\/ul>\n<h3>Dopuszczalna nawierzchnia amortyzuj\u0105ca:<\/h3>\n<ul>\n<li>Kora \u2013 ziarno 20 do 80 mm, grubo\u015b\u0107 min. 200mm,<\/li>\n<li>Wi\u00f3ry \u2013 ziarno 5 do 30 mm, grubo\u015b\u0107 min. 200mm,<\/li>\n<li>Piasek \u2013 ziarno 0,2 do 2 mm, grubo\u015b\u0107 min. 200mm,<\/li>\n<li>\u017bwir \u2013 ziarno 2 do 8 mm, grubo\u015b\u0107 min. 200 mm,<\/li>\n<li>Nawierzchnie syntetyczne o wymaganych w\u0142a\u015bciwo\u015bciach amortyzuj\u0105cych.<\/li>\n<\/ul>\n","protected":false},"excerpt":{"rendered":"<p>Urz\u0105dzenie Street Workout 31 Wszystkie s\u0142upy wykonane z profilu zamkni\u0119tego 100x100x3mm, Dr\u0105\u017cki oraz drabinka pionowa wykonane z rury \u00f833,7x4mm, Drabinka pozioma wykonana z rury \u00d838x4mm oraz \u00d833,7x4mm, Wszystkie elementy stalowe urz\u0105dzenia zabezpieczona antykorozyjnie i dodatkowo malowane lakierem akrylowym strukturalnym, W komplecie znajduj\u0105 si\u0119 fundamenty wykonane z betonu, u\u0142atwiaj\u0105ce monta\u017c. Cz\u0119\u015bci sk\u0142adowe zestawu: Drabinka pionowa \u2013&hellip;<\/p>\n","protected":false},"featured_media":17879,"comment_status":"open","ping_status":"closed","template":"","meta":{"slim_seo":{"title":"Street workout 31 - Muller","description":"Urz\u0105dzenie Street Workout 31 Wszystkie s\u0142upy wykonane z profilu zamkni\u0119tego 100x100x3mm, Dr\u0105\u017cki oraz drabinka pionowa wykonane z rury \u00f833,7x4mm, Drabinka poziom"}},"product_brand":[],"product_cat":[158],"product_tag":[],"class_list":{"0":"post-988","1":"product","2":"type-product","3":"status-publish","4":"has-post-thumbnail","6":"product_cat-zestawy-street-workout","7":"description-off","9":"first","10":"instock","11":"shipping-taxable","12":"purchasable","13":"product-type-simple"},"_links":{"self":[{"href":"https:\/\/muller.com.pl\/en\/wp-json\/wp\/v2\/product\/988","targetHints":{"allow":["GET"]}}],"collection":[{"href":"https:\/\/muller.com.pl\/en\/wp-json\/wp\/v2\/product"}],"about":[{"href":"https:\/\/muller.com.pl\/en\/wp-json\/wp\/v2\/types\/product"}],"replies":[{"embeddable":true,"href":"https:\/\/muller.com.pl\/en\/wp-json\/wp\/v2\/comments?post=988"}],"wp:featuredmedia":[{"embeddable":true,"href":"https:\/\/muller.com.pl\/en\/wp-json\/wp\/v2\/media\/17879"}],"wp:attachment":[{"href":"https:\/\/muller.com.pl\/en\/wp-json\/wp\/v2\/media?parent=988"}],"wp:term":[{"taxonomy":"product_brand","embeddable":true,"href":"https:\/\/muller.com.pl\/en\/wp-json\/wp\/v2\/product_brand?post=988"},{"taxonomy":"product_cat","embeddable":true,"href":"https:\/\/muller.com.pl\/en\/wp-json\/wp\/v2\/product_cat?post=988"},{"taxonomy":"product_tag","embeddable":true,"href":"https:\/\/muller.com.pl\/en\/wp-json\/wp\/v2\/product_tag?post=988"}],"curies":[{"name":"wp","href":"https:\/\/api.w.org\/{rel}","templated":true}]}}